{"id":1156,"date":"2023-02-09T12:20:38","date_gmt":"2023-02-09T10:20:38","guid":{"rendered":"https:\/\/roytecglobal.com\/?page_id=1156"},"modified":"2025-01-02T13:48:52","modified_gmt":"2025-01-02T11:48:52","slug":"products-disc-filters","status":"publish","type":"page","link":"https:\/\/roytecglobal.com\/le-francais\/products\/products-disc-filters\/","title":{"rendered":"Produits - Filtres \u00e0 disques"},"content":{"rendered":"<div data-elementor-type=\"wp-page\" data-elementor-id=\"1156\" class=\"elementor elementor-1156\" data-elementor-post-type=\"page\">\n\t\t\t\t\t\t<section class=\"elementor-section elementor-top-section elementor-element elementor-element-44ca42d0 elementor-section-boxed elementor-section-height-default elementor-section-height-default\" data-id=\"44ca42d0\" data-element_type=\"section\" data-settings=\"{&quot;background_background&quot;:&quot;classic&quot;}\">\n\t\t\t\t\t\t<div class=\"elementor-container elementor-column-gap-default\">\n\t\t\t\t\t<div class=\"elementor-column elementor-col-100 elementor-top-column elementor-element elementor-element-66088530\" data-id=\"66088530\" data-element_type=\"column\">\n\t\t\t<div class=\"elementor-widget-wrap elementor-element-populated\">\n\t\t\t\t\t\t<section class=\"elementor-section elementor-inner-section elementor-element elementor-element-6fd1fda1 elementor-section-boxed elementor-section-height-default elementor-section-height-default\" data-id=\"6fd1fda1\" data-element_type=\"section\">\n\t\t\t\t\t\t<div class=\"elementor-container elementor-column-gap-default\">\n\t\t\t\t\t<div class=\"elementor-column elementor-col-33 elementor-inner-column elementor-element elementor-element-22538f34\" data-id=\"22538f34\" data-element_type=\"column\">\n\t\t\t<div class=\"elementor-widget-wrap\">\n\t\t\t\t\t\t\t<\/div>\n\t\t<\/div>\n\t\t\t\t<div class=\"elementor-column elementor-col-33 elementor-inner-column elementor-element elementor-element-4b687673\" data-id=\"4b687673\" data-element_type=\"column\">\n\t\t\t<div class=\"elementor-widget-wrap elementor-element-populated\">\n\t\t\t\t\t\t<div class=\"elementor-element elementor-element-332dedf5 elementor-widget__width-inherit elementor-widget elementor-widget-heading\" data-id=\"332dedf5\" data-element_type=\"widget\" data-widget_type=\"heading.default\">\n\t\t\t\t<div class=\"elementor-widget-container\">\n\t\t\t\t\t<span class=\"elementor-heading-title elementor-size-default\">ACCUEIL - PRODUITS<\/span>\t\t\t\t<\/div>\n\t\t\t\t<\/div>\n\t\t\t\t\t<\/div>\n\t\t<\/div>\n\t\t\t\t<div class=\"elementor-column elementor-col-33 elementor-inner-column elementor-element elementor-element-aa9fa58\" data-id=\"aa9fa58\" data-element_type=\"column\">\n\t\t\t<div class=\"elementor-widget-wrap\">\n\t\t\t\t\t\t\t<\/div>\n\t\t<\/div>\n\t\t\t\t\t<\/div>\n\t\t<\/section>\n\t\t\t\t<div class=\"elementor-element elementor-element-4f3ab3df elementor-widget elementor-widget-heading\" data-id=\"4f3ab3df\" data-element_type=\"widget\" data-widget_type=\"heading.default\">\n\t\t\t\t<div class=\"elementor-widget-container\">\n\t\t\t\t\t<span class=\"elementor-heading-title elementor-size-default\">Filtres \u00e0 disques<\/span>\t\t\t\t<\/div>\n\t\t\t\t<\/div>\n\t\t\t\t\t<\/div>\n\t\t<\/div>\n\t\t\t\t\t<\/div>\n\t\t<\/section>\n\t\t\t\t<section class=\"elementor-section elementor-top-section elementor-element elementor-element-2f15e2f elementor-section-boxed elementor-section-height-default elementor-section-height-default\" data-id=\"2f15e2f\" data-element_type=\"section\">\n\t\t\t\t\t\t<div class=\"elementor-container elementor-column-gap-default\">\n\t\t\t\t\t<div class=\"elementor-column elementor-col-100 elementor-top-column elementor-element elementor-element-2ad08cfe\" data-id=\"2ad08cfe\" data-element_type=\"column\">\n\t\t\t<div class=\"elementor-widget-wrap elementor-element-populated\">\n\t\t\t\t\t\t<section class=\"elementor-section elementor-inner-section elementor-element elementor-element-4fa2e75d elementor-section-boxed elementor-section-height-default elementor-section-height-default\" data-id=\"4fa2e75d\" data-element_type=\"section\">\n\t\t\t\t\t\t<div class=\"elementor-container elementor-column-gap-no\">\n\t\t\t\t\t<div class=\"elementor-column elementor-col-50 elementor-inner-column elementor-element elementor-element-3bb18720\" data-id=\"3bb18720\" data-element_type=\"column\">\n\t\t\t<div class=\"elementor-widget-wrap elementor-element-populated\">\n\t\t\t\t\t\t<div class=\"elementor-element elementor-element-5c8167da elementor-widget elementor-widget-image\" data-id=\"5c8167da\" data-element_type=\"widget\" data-widget_type=\"image.default\">\n\t\t\t\t<div class=\"elementor-widget-container\">\n\t\t\t\t\t\t\t\t\t\t\t\t\t\t\t<img decoding=\"async\" src=\"https:\/\/roytecglobal.com\/wp-content\/uploads\/elementor\/thumbs\/Disc-Filters-qjpl5h1728dl7rdw2s9jvic4ym4o1ah1gvjftl6u8k.jpg\" title=\"Filtres \u00e0 disques\" alt=\"Vacuum Disc Filter\" loading=\"lazy\" \/>\t\t\t\t\t\t\t\t\t\t\t\t\t\t\t<\/div>\n\t\t\t\t<\/div>\n\t\t\t\t\t<\/div>\n\t\t<\/div>\n\t\t\t\t<div class=\"elementor-column elementor-col-50 elementor-inner-column elementor-element elementor-element-46f38436\" data-id=\"46f38436\" data-element_type=\"column\">\n\t\t\t<div class=\"elementor-widget-wrap elementor-element-populated\">\n\t\t\t\t\t\t<div class=\"elementor-element elementor-element-191c0cef elementor-widget elementor-widget-image\" data-id=\"191c0cef\" data-element_type=\"widget\" data-widget_type=\"image.default\">\n\t\t\t\t<div class=\"elementor-widget-container\">\n\t\t\t\t\t\t\t\t\t\t\t\t\t\t\t<img decoding=\"async\" src=\"https:\/\/roytecglobal.com\/wp-content\/uploads\/elementor\/thumbs\/products_disc_filter2-qjpl5lqe0ek2vgxhqy5xkoqfyxbx8d6tevcnf9nda0.jpg\" title=\"produits_disc_filtre2\" alt=\"Products Disc Filter\" loading=\"lazy\" \/>\t\t\t\t\t\t\t\t\t\t\t\t\t\t\t<\/div>\n\t\t\t\t<\/div>\n\t\t\t\t\t<\/div>\n\t\t<\/div>\n\t\t\t\t\t<\/div>\n\t\t<\/section>\n\t\t\t\t\t<\/div>\n\t\t<\/div>\n\t\t\t\t\t<\/div>\n\t\t<\/section>\n\t\t\t\t<section class=\"elementor-section elementor-top-section elementor-element elementor-element-223a194e elementor-section-boxed elementor-section-height-default elementor-section-height-default\" data-id=\"223a194e\" data-element_type=\"section\">\n\t\t\t\t\t\t<div class=\"elementor-container elementor-column-gap-default\">\n\t\t\t\t\t<div class=\"elementor-column elementor-col-50 elementor-top-column elementor-element elementor-element-32e4538\" data-id=\"32e4538\" data-element_type=\"column\">\n\t\t\t<div class=\"elementor-widget-wrap elementor-element-populated\">\n\t\t\t\t\t\t<section class=\"elementor-section elementor-inner-section elementor-element elementor-element-0e0629d elementor-section-boxed elementor-section-height-default elementor-section-height-default\" data-id=\"0e0629d\" data-element_type=\"section\">\n\t\t\t\t\t\t<div class=\"elementor-container elementor-column-gap-default\">\n\t\t\t\t\t<div class=\"elementor-column elementor-col-100 elementor-inner-column elementor-element elementor-element-7a57e88\" data-id=\"7a57e88\" data-element_type=\"column\">\n\t\t\t<div class=\"elementor-widget-wrap elementor-element-populated\">\n\t\t\t\t\t\t\t<\/div>\n\t\t<\/div>\n\t\t\t\t\t<\/div>\n\t\t<\/section>\n\t\t\t\t<div class=\"elementor-element elementor-element-7e9a52a elementor-align-center elementor-widget elementor-widget-button\" data-id=\"7e9a52a\" data-element_type=\"widget\" data-widget_type=\"button.default\">\n\t\t\t\t<div class=\"elementor-widget-container\">\n\t\t\t\t\t\t\t\t\t<div class=\"elementor-button-wrapper\">\n\t\t\t\t\t<a class=\"elementor-button elementor-button-link elementor-size-sm\" href=\"https:\/\/roytecglobal.com\/wp-content\/uploads\/2023\/12\/Roytec-Company-Profile.pdf\" target=\"_blank\">\n\t\t\t\t\t\t<span class=\"elementor-button-content-wrapper\">\n\t\t\t\t\t\t\t\t\t<span class=\"elementor-button-text\">T\u00e9l\u00e9charger la brochure<\/span>\n\t\t\t\t\t<\/span>\n\t\t\t\t\t<\/a>\n\t\t\t\t<\/div>\n\t\t\t\t\t\t\t\t<\/div>\n\t\t\t\t<\/div>\n\t\t\t\t\t<\/div>\n\t\t<\/div>\n\t\t\t\t<div class=\"elementor-column elementor-col-50 elementor-top-column elementor-element elementor-element-4b21f415\" data-id=\"4b21f415\" data-element_type=\"column\">\n\t\t\t<div class=\"elementor-widget-wrap elementor-element-populated\">\n\t\t\t\t\t\t<div class=\"elementor-element elementor-element-38e2233b elementor-widget elementor-widget-heading\" data-id=\"38e2233b\" data-element_type=\"widget\" data-widget_type=\"heading.default\">\n\t\t\t\t<div class=\"elementor-widget-container\">\n\t\t\t\t\t<h2 class=\"elementor-heading-title elementor-size-default\">Filtres \u00e0 disques<\/h2>\t\t\t\t<\/div>\n\t\t\t\t<\/div>\n\t\t\t\t<div class=\"elementor-element elementor-element-6608bdab elementor-widget elementor-widget-heading\" data-id=\"6608bdab\" data-element_type=\"widget\" data-widget_type=\"heading.default\">\n\t\t\t\t<div class=\"elementor-widget-container\">\n\t\t\t\t\t<h2 class=\"elementor-heading-title elementor-size-default\">Roytec fournit des technologies de filtration \u00e0 disque et \u00e0 tambour sous vide et sous pression.<\/h2>\t\t\t\t<\/div>\n\t\t\t\t<\/div>\n\t\t\t\t<div class=\"elementor-element elementor-element-526871c elementor-widget elementor-widget-heading\" data-id=\"526871c\" data-element_type=\"widget\" data-widget_type=\"heading.default\">\n\t\t\t\t<div class=\"elementor-widget-container\">\n\t\t\t\t\t<h2 class=\"elementor-heading-title elementor-size-default\">Technologie<\/h2>\t\t\t\t<\/div>\n\t\t\t\t<\/div>\n\t\t\t\t<section class=\"elementor-section elementor-inner-section elementor-element elementor-element-5cd84b7a elementor-section-boxed elementor-section-height-default elementor-section-height-default\" data-id=\"5cd84b7a\" data-element_type=\"section\">\n\t\t\t\t\t\t<div class=\"elementor-container elementor-column-gap-default\">\n\t\t\t\t\t<div class=\"elementor-column elementor-col-50 elementor-inner-column elementor-element elementor-element-54df0cf7\" data-id=\"54df0cf7\" data-element_type=\"column\">\n\t\t\t<div class=\"elementor-widget-wrap\">\n\t\t\t\t\t\t\t<\/div>\n\t\t<\/div>\n\t\t\t\t<div class=\"elementor-column elementor-col-50 elementor-inner-column elementor-element elementor-element-12d9ea12\" data-id=\"12d9ea12\" data-element_type=\"column\">\n\t\t\t<div class=\"elementor-widget-wrap elementor-element-populated\">\n\t\t\t\t\t\t<div class=\"elementor-element elementor-element-7773c4cb elementor-vertical-align-middle elementor-widget elementor-widget-image-box\" data-id=\"7773c4cb\" data-element_type=\"widget\" data-widget_type=\"image-box.default\">\n\t\t\t\t<div class=\"elementor-widget-container\">\n\t\t\t\t\t<div class=\"elementor-image-box-wrapper\"><div class=\"elementor-image-box-content\"><h3 class=\"elementor-image-box-title\">Notre technologie<\/h3><p class=\"elementor-image-box-description\">Cette technologie est sp\u00e9cialis\u00e9e dans la modernisation des installations existantes afin d'am\u00e9liorer le d\u00e9bit et l'efficacit\u00e9. Les filtres sont disponibles pour des surfaces allant de 2 m\u00b2 \u00e0 280 m\u00b2. Les performances globales du filtre sont am\u00e9lior\u00e9es par l'utilisation de :\n<br>\n - Injection de vapeur<br>\n - D\u00e9charge des rouleaux<br>\n - Nouvelle mangeoire<br>\n - Conception des t\u00eates d'aspiration.<\/p><\/div><\/div>\t\t\t\t<\/div>\n\t\t\t\t<\/div>\n\t\t\t\t\t<\/div>\n\t\t<\/div>\n\t\t\t\t\t<\/div>\n\t\t<\/section>\n\t\t\t\t<div class=\"elementor-element elementor-element-3f3130b2 elementor-widget-divider--view-line elementor-widget elementor-widget-divider\" data-id=\"3f3130b2\" data-element_type=\"widget\" data-widget_type=\"divider.default\">\n\t\t\t\t<div class=\"elementor-widget-container\">\n\t\t\t\t\t\t\t<div class=\"elementor-divider\">\n\t\t\t<span class=\"elementor-divider-separator\">\n\t\t\t\t\t\t<\/span>\n\t\t<\/div>\n\t\t\t\t\t\t<\/div>\n\t\t\t\t<\/div>\n\t\t\t\t\t<\/div>\n\t\t<\/div>\n\t\t\t\t\t<\/div>\n\t\t<\/section>\n\t\t\t\t<\/div>","protected":false},"excerpt":{"rendered":"<p>HOME &#8211; PRODUCTS Disc Filters Download the Brochure Disc Filters Roytec supplies vacuum &#038; pressure disc and drum filtration technologies. Technology Our technology The technology specialises in the retrofit of existing installations to improve throughput and efficiency. Filters are available from 2m\u00b2 to 280m\u00b2 in size. Overall filter performance is enhanced by the use of: [&hellip;]<\/p>","protected":false},"author":1,"featured_media":0,"parent":473,"menu_order":0,"comment_status":"closed","ping_status":"closed","template":"","meta":{"footnotes":""},"class_list":["post-1156","page","type-page","status-publish","hentry"],"yoast_head":"<!-- This site is optimized with the Yoast SEO plugin v26.8 - https:\/\/yoast.com\/product\/yoast-seo-wordpress\/ -->\n<title>Products | Disc Filters | Roytec Global<\/title>\n<meta name=\"description\" content=\"Roytec supplies pressure disc &amp; drum filtration technologies, specialising in the retrofit of existing installations to improve throughput &amp; efficiency. Visit us!\" \/>\n<meta name=\"robots\" content=\"index, follow, max-snippet:-1, max-image-preview:large, max-video-preview:-1\" \/>\n<link rel=\"canonical\" href=\"https:\/\/roytecglobal.com\/le-francais\/products\/products-disc-filters\/\" \/>\n<meta property=\"og:locale\" content=\"fr_CA\" \/>\n<meta property=\"og:type\" content=\"article\" \/>\n<meta property=\"og:title\" content=\"Products | Disc Filters | Roytec Global\" \/>\n<meta property=\"og:description\" content=\"Roytec supplies pressure disc &amp; drum filtration technologies, specialising in the retrofit of existing installations to improve throughput &amp; efficiency. Visit us!\" \/>\n<meta property=\"og:url\" content=\"https:\/\/roytecglobal.com\/le-francais\/products\/products-disc-filters\/\" \/>\n<meta property=\"og:site_name\" content=\"Roytec Global\" \/>\n<meta property=\"article:publisher\" content=\"https:\/\/www.facebook.com\/RoytecGlobal\/\" \/>\n<meta property=\"article:modified_time\" content=\"2025-01-02T11:48:52+00:00\" \/>\n<meta property=\"og:image\" content=\"https:\/\/roytecglobal.com\/wp-content\/uploads\/elementor\/thumbs\/Disc-Filters-qjpl5h1728dl7rdw2s9jvic4ym4o1ah1gvjftl6u8k.jpg\" \/>\n<meta name=\"twitter:card\" content=\"summary_large_image\" \/>\n<meta name=\"twitter:label1\" content=\"Estimation du temps de lecture\" \/>\n\t<meta name=\"twitter:data1\" content=\"1 minute\" \/>\n<script type=\"application\/ld+json\" class=\"yoast-schema-graph\">{\"@context\":\"https:\/\/schema.org\",\"@graph\":[{\"@type\":\"Article\",\"@id\":\"https:\/\/roytecglobal.com\/products\/products-disc-filters\/#article\",\"isPartOf\":{\"@id\":\"https:\/\/roytecglobal.com\/products\/products-disc-filters\/\"},\"author\":{\"name\":\"Renato\",\"@id\":\"https:\/\/roytecglobal.com\/#\/schema\/person\/47ef83615af340c9a897a0480df7c278\"},\"headline\":\"Products &#8211; Disc Filters\",\"datePublished\":\"2023-02-09T10:20:38+00:00\",\"dateModified\":\"2025-01-02T11:48:52+00:00\",\"mainEntityOfPage\":{\"@id\":\"https:\/\/roytecglobal.com\/products\/products-disc-filters\/\"},\"wordCount\":72,\"publisher\":{\"@id\":\"https:\/\/roytecglobal.com\/#organization\"},\"image\":{\"@id\":\"https:\/\/roytecglobal.com\/products\/products-disc-filters\/#primaryimage\"},\"thumbnailUrl\":\"https:\/\/roytecglobal.com\/wp-content\/uploads\/elementor\/thumbs\/Disc-Filters-qjpl5h1728dl7rdw2s9jvic4ym4o1ah1gvjftl6u8k.jpg\",\"inLanguage\":\"fr-CA\"},{\"@type\":\"WebPage\",\"@id\":\"https:\/\/roytecglobal.com\/products\/products-disc-filters\/\",\"url\":\"https:\/\/roytecglobal.com\/products\/products-disc-filters\/\",\"name\":\"Products | Disc Filters | Roytec Global\",\"isPartOf\":{\"@id\":\"https:\/\/roytecglobal.com\/#website\"},\"primaryImageOfPage\":{\"@id\":\"https:\/\/roytecglobal.com\/products\/products-disc-filters\/#primaryimage\"},\"image\":{\"@id\":\"https:\/\/roytecglobal.com\/products\/products-disc-filters\/#primaryimage\"},\"thumbnailUrl\":\"https:\/\/roytecglobal.com\/wp-content\/uploads\/elementor\/thumbs\/Disc-Filters-qjpl5h1728dl7rdw2s9jvic4ym4o1ah1gvjftl6u8k.jpg\",\"datePublished\":\"2023-02-09T10:20:38+00:00\",\"dateModified\":\"2025-01-02T11:48:52+00:00\",\"description\":\"Roytec supplies pressure disc & drum filtration technologies, specialising in the retrofit of existing installations to improve throughput & efficiency. Visit us!\",\"breadcrumb\":{\"@id\":\"https:\/\/roytecglobal.com\/products\/products-disc-filters\/#breadcrumb\"},\"inLanguage\":\"fr-CA\",\"potentialAction\":[{\"@type\":\"ReadAction\",\"target\":[\"https:\/\/roytecglobal.com\/products\/products-disc-filters\/\"]}]},{\"@type\":\"ImageObject\",\"inLanguage\":\"fr-CA\",\"@id\":\"https:\/\/roytecglobal.com\/products\/products-disc-filters\/#primaryimage\",\"url\":\"https:\/\/roytecglobal.com\/wp-content\/uploads\/elementor\/thumbs\/Disc-Filters-qjpl5h1728dl7rdw2s9jvic4ym4o1ah1gvjftl6u8k.jpg\",\"contentUrl\":\"https:\/\/roytecglobal.com\/wp-content\/uploads\/elementor\/thumbs\/Disc-Filters-qjpl5h1728dl7rdw2s9jvic4ym4o1ah1gvjftl6u8k.jpg\"},{\"@type\":\"BreadcrumbList\",\"@id\":\"https:\/\/roytecglobal.com\/products\/products-disc-filters\/#breadcrumb\",\"itemListElement\":[{\"@type\":\"ListItem\",\"position\":1,\"name\":\"Home\",\"item\":\"https:\/\/roytecglobal.com\/\"},{\"@type\":\"ListItem\",\"position\":2,\"name\":\"Our Products\",\"item\":\"https:\/\/roytecglobal.com\/products\/\"},{\"@type\":\"ListItem\",\"position\":3,\"name\":\"Products &#8211; Disc Filters\"}]},{\"@type\":\"WebSite\",\"@id\":\"https:\/\/roytecglobal.com\/#website\",\"url\":\"https:\/\/roytecglobal.com\/\",\"name\":\"Roytec Global\",\"description\":\"EXCELLENCE IN SEPARATION TECHNOLOGIES\",\"publisher\":{\"@id\":\"https:\/\/roytecglobal.com\/#organization\"},\"potentialAction\":[{\"@type\":\"SearchAction\",\"target\":{\"@type\":\"EntryPoint\",\"urlTemplate\":\"https:\/\/roytecglobal.com\/?s={search_term_string}\"},\"query-input\":{\"@type\":\"PropertyValueSpecification\",\"valueRequired\":true,\"valueName\":\"search_term_string\"}}],\"inLanguage\":\"fr-CA\"},{\"@type\":\"Organization\",\"@id\":\"https:\/\/roytecglobal.com\/#organization\",\"name\":\"Roytec Global\",\"url\":\"https:\/\/roytecglobal.com\/\",\"logo\":{\"@type\":\"ImageObject\",\"inLanguage\":\"fr-CA\",\"@id\":\"https:\/\/roytecglobal.com\/#\/schema\/logo\/image\/\",\"url\":\"https:\/\/roytecglobal.com\/wp-content\/uploads\/2023\/01\/New-Roytec-Global-Logo_fnl-01-scaled.jpg\",\"contentUrl\":\"https:\/\/roytecglobal.com\/wp-content\/uploads\/2023\/01\/New-Roytec-Global-Logo_fnl-01-scaled.jpg\",\"width\":2560,\"height\":666,\"caption\":\"Roytec Global\"},\"image\":{\"@id\":\"https:\/\/roytecglobal.com\/#\/schema\/logo\/image\/\"},\"sameAs\":[\"https:\/\/www.facebook.com\/RoytecGlobal\/\",\"https:\/\/www.linkedin.com\/company\/roytec-global-pty-ltd\/about\/\"]},{\"@type\":\"Person\",\"@id\":\"https:\/\/roytecglobal.com\/#\/schema\/person\/47ef83615af340c9a897a0480df7c278\",\"name\":\"Renato\",\"image\":{\"@type\":\"ImageObject\",\"inLanguage\":\"fr-CA\",\"@id\":\"https:\/\/roytecglobal.com\/#\/schema\/person\/image\/\",\"url\":\"https:\/\/secure.gravatar.com\/avatar\/2af9d47ad9cc84fb35edc218bf4a6f55f6c0ade2c86ad0ea1006854dbe93cdd9?s=96&d=mm&r=g\",\"contentUrl\":\"https:\/\/secure.gravatar.com\/avatar\/2af9d47ad9cc84fb35edc218bf4a6f55f6c0ade2c86ad0ea1006854dbe93cdd9?s=96&d=mm&r=g\",\"caption\":\"Renato\"},\"sameAs\":[\"https:\/\/doublebarril.com\"]}]}<\/script>\n<!-- \/ Yoast SEO plugin. -->","yoast_head_json":{"title":"Products | Disc Filters | Roytec Global","description":"Roytec supplies pressure disc & drum filtration technologies, specialising in the retrofit of existing installations to improve throughput & efficiency. Visit us!","robots":{"index":"index","follow":"follow","max-snippet":"max-snippet:-1","max-image-preview":"max-image-preview:large","max-video-preview":"max-video-preview:-1"},"canonical":"https:\/\/roytecglobal.com\/le-francais\/products\/products-disc-filters\/","og_locale":"fr_CA","og_type":"article","og_title":"Products | Disc Filters | Roytec Global","og_description":"Roytec supplies pressure disc & drum filtration technologies, specialising in the retrofit of existing installations to improve throughput & efficiency. Visit us!","og_url":"https:\/\/roytecglobal.com\/le-francais\/products\/products-disc-filters\/","og_site_name":"Roytec Global","article_publisher":"https:\/\/www.facebook.com\/RoytecGlobal\/","article_modified_time":"2025-01-02T11:48:52+00:00","og_image":[{"url":"https:\/\/roytecglobal.com\/wp-content\/uploads\/elementor\/thumbs\/Disc-Filters-qjpl5h1728dl7rdw2s9jvic4ym4o1ah1gvjftl6u8k.jpg","type":"","width":"","height":""}],"twitter_card":"summary_large_image","twitter_misc":{"Estimation du temps de lecture":"1 minute"},"schema":{"@context":"https:\/\/schema.org","@graph":[{"@type":"Article","@id":"https:\/\/roytecglobal.com\/products\/products-disc-filters\/#article","isPartOf":{"@id":"https:\/\/roytecglobal.com\/products\/products-disc-filters\/"},"author":{"name":"Renato","@id":"https:\/\/roytecglobal.com\/#\/schema\/person\/47ef83615af340c9a897a0480df7c278"},"headline":"Products &#8211; Disc Filters","datePublished":"2023-02-09T10:20:38+00:00","dateModified":"2025-01-02T11:48:52+00:00","mainEntityOfPage":{"@id":"https:\/\/roytecglobal.com\/products\/products-disc-filters\/"},"wordCount":72,"publisher":{"@id":"https:\/\/roytecglobal.com\/#organization"},"image":{"@id":"https:\/\/roytecglobal.com\/products\/products-disc-filters\/#primaryimage"},"thumbnailUrl":"https:\/\/roytecglobal.com\/wp-content\/uploads\/elementor\/thumbs\/Disc-Filters-qjpl5h1728dl7rdw2s9jvic4ym4o1ah1gvjftl6u8k.jpg","inLanguage":"fr-CA"},{"@type":"WebPage","@id":"https:\/\/roytecglobal.com\/products\/products-disc-filters\/","url":"https:\/\/roytecglobal.com\/products\/products-disc-filters\/","name":"Products | Disc Filters | Roytec Global","isPartOf":{"@id":"https:\/\/roytecglobal.com\/#website"},"primaryImageOfPage":{"@id":"https:\/\/roytecglobal.com\/products\/products-disc-filters\/#primaryimage"},"image":{"@id":"https:\/\/roytecglobal.com\/products\/products-disc-filters\/#primaryimage"},"thumbnailUrl":"https:\/\/roytecglobal.com\/wp-content\/uploads\/elementor\/thumbs\/Disc-Filters-qjpl5h1728dl7rdw2s9jvic4ym4o1ah1gvjftl6u8k.jpg","datePublished":"2023-02-09T10:20:38+00:00","dateModified":"2025-01-02T11:48:52+00:00","description":"Roytec supplies pressure disc & drum filtration technologies, specialising in the retrofit of existing installations to improve throughput & efficiency. Visit us!","breadcrumb":{"@id":"https:\/\/roytecglobal.com\/products\/products-disc-filters\/#breadcrumb"},"inLanguage":"fr-CA","potentialAction":[{"@type":"ReadAction","target":["https:\/\/roytecglobal.com\/products\/products-disc-filters\/"]}]},{"@type":"ImageObject","inLanguage":"fr-CA","@id":"https:\/\/roytecglobal.com\/products\/products-disc-filters\/#primaryimage","url":"https:\/\/roytecglobal.com\/wp-content\/uploads\/elementor\/thumbs\/Disc-Filters-qjpl5h1728dl7rdw2s9jvic4ym4o1ah1gvjftl6u8k.jpg","contentUrl":"https:\/\/roytecglobal.com\/wp-content\/uploads\/elementor\/thumbs\/Disc-Filters-qjpl5h1728dl7rdw2s9jvic4ym4o1ah1gvjftl6u8k.jpg"},{"@type":"BreadcrumbList","@id":"https:\/\/roytecglobal.com\/products\/products-disc-filters\/#breadcrumb","itemListElement":[{"@type":"ListItem","position":1,"name":"Home","item":"https:\/\/roytecglobal.com\/"},{"@type":"ListItem","position":2,"name":"Our Products","item":"https:\/\/roytecglobal.com\/products\/"},{"@type":"ListItem","position":3,"name":"Products &#8211; Disc Filters"}]},{"@type":"WebSite","@id":"https:\/\/roytecglobal.com\/#website","url":"https:\/\/roytecglobal.com\/","name":"Roytec Global","description":"L'EXCELLENCE DANS LES TECHNOLOGIES DE S\u00c9PARATION","publisher":{"@id":"https:\/\/roytecglobal.com\/#organization"},"potentialAction":[{"@type":"SearchAction","target":{"@type":"EntryPoint","urlTemplate":"https:\/\/roytecglobal.com\/?s={search_term_string}"},"query-input":{"@type":"PropertyValueSpecification","valueRequired":true,"valueName":"search_term_string"}}],"inLanguage":"fr-CA"},{"@type":"Organization","@id":"https:\/\/roytecglobal.com\/#organization","name":"Roytec Global","url":"https:\/\/roytecglobal.com\/","logo":{"@type":"ImageObject","inLanguage":"fr-CA","@id":"https:\/\/roytecglobal.com\/#\/schema\/logo\/image\/","url":"https:\/\/roytecglobal.com\/wp-content\/uploads\/2023\/01\/New-Roytec-Global-Logo_fnl-01-scaled.jpg","contentUrl":"https:\/\/roytecglobal.com\/wp-content\/uploads\/2023\/01\/New-Roytec-Global-Logo_fnl-01-scaled.jpg","width":2560,"height":666,"caption":"Roytec Global"},"image":{"@id":"https:\/\/roytecglobal.com\/#\/schema\/logo\/image\/"},"sameAs":["https:\/\/www.facebook.com\/RoytecGlobal\/","https:\/\/www.linkedin.com\/company\/roytec-global-pty-ltd\/about\/"]},{"@type":"Person","@id":"https:\/\/roytecglobal.com\/#\/schema\/person\/47ef83615af340c9a897a0480df7c278","name":"Renato","image":{"@type":"ImageObject","inLanguage":"fr-CA","@id":"https:\/\/roytecglobal.com\/#\/schema\/person\/image\/","url":"https:\/\/secure.gravatar.com\/avatar\/2af9d47ad9cc84fb35edc218bf4a6f55f6c0ade2c86ad0ea1006854dbe93cdd9?s=96&d=mm&r=g","contentUrl":"https:\/\/secure.gravatar.com\/avatar\/2af9d47ad9cc84fb35edc218bf4a6f55f6c0ade2c86ad0ea1006854dbe93cdd9?s=96&d=mm&r=g","caption":"Renato"},"sameAs":["https:\/\/doublebarril.com"]}]}},"_links":{"self":[{"href":"https:\/\/roytecglobal.com\/le-francais\/wp-json\/wp\/v2\/pages\/1156","targetHints":{"allow":["GET"]}}],"collection":[{"href":"https:\/\/roytecglobal.com\/le-francais\/wp-json\/wp\/v2\/pages"}],"about":[{"href":"https:\/\/roytecglobal.com\/le-francais\/wp-json\/wp\/v2\/types\/page"}],"author":[{"embeddable":true,"href":"https:\/\/roytecglobal.com\/le-francais\/wp-json\/wp\/v2\/users\/1"}],"replies":[{"embeddable":true,"href":"https:\/\/roytecglobal.com\/le-francais\/wp-json\/wp\/v2\/comments?post=1156"}],"version-history":[{"count":36,"href":"https:\/\/roytecglobal.com\/le-francais\/wp-json\/wp\/v2\/pages\/1156\/revisions"}],"predecessor-version":[{"id":2585,"href":"https:\/\/roytecglobal.com\/le-francais\/wp-json\/wp\/v2\/pages\/1156\/revisions\/2585"}],"up":[{"embeddable":true,"href":"https:\/\/roytecglobal.com\/le-francais\/wp-json\/wp\/v2\/pages\/473"}],"wp:attachment":[{"href":"https:\/\/roytecglobal.com\/le-francais\/wp-json\/wp\/v2\/media?parent=1156"}],"curies":[{"name":"wp","href":"https:\/\/api.w.org\/{rel}","templated":true}]}}