{"id":1166,"date":"2023-02-09T12:28:23","date_gmt":"2023-02-09T10:28:23","guid":{"rendered":"https:\/\/roytecglobal.com\/?page_id=1166"},"modified":"2025-09-09T13:40:25","modified_gmt":"2025-09-09T11:40:25","slug":"products-linear-screens","status":"publish","type":"page","link":"https:\/\/roytecglobal.com\/le-francais\/products\/products-linear-screens\/","title":{"rendered":"Produits - Cribles lin\u00e9aires"},"content":{"rendered":"<div data-elementor-type=\"wp-page\" data-elementor-id=\"1166\" class=\"elementor elementor-1166\" data-elementor-post-type=\"page\">\n\t\t\t\t\t\t<section class=\"elementor-section elementor-top-section elementor-element elementor-element-44ca42d0 elementor-section-boxed elementor-section-height-default elementor-section-height-default\" data-id=\"44ca42d0\" data-element_type=\"section\" data-settings=\"{&quot;background_background&quot;:&quot;classic&quot;}\">\n\t\t\t\t\t\t<div class=\"elementor-container elementor-column-gap-default\">\n\t\t\t\t\t<div class=\"elementor-column elementor-col-100 elementor-top-column elementor-element elementor-element-66088530\" data-id=\"66088530\" data-element_type=\"column\">\n\t\t\t<div class=\"elementor-widget-wrap elementor-element-populated\">\n\t\t\t\t\t\t<section class=\"elementor-section elementor-inner-section elementor-element elementor-element-6fd1fda1 elementor-section-boxed elementor-section-height-default elementor-section-height-default\" data-id=\"6fd1fda1\" data-element_type=\"section\">\n\t\t\t\t\t\t<div class=\"elementor-container elementor-column-gap-default\">\n\t\t\t\t\t<div class=\"elementor-column elementor-col-33 elementor-inner-column elementor-element elementor-element-22538f34\" data-id=\"22538f34\" data-element_type=\"column\">\n\t\t\t<div class=\"elementor-widget-wrap\">\n\t\t\t\t\t\t\t<\/div>\n\t\t<\/div>\n\t\t\t\t<div class=\"elementor-column elementor-col-33 elementor-inner-column elementor-element elementor-element-4b687673\" data-id=\"4b687673\" data-element_type=\"column\">\n\t\t\t<div class=\"elementor-widget-wrap elementor-element-populated\">\n\t\t\t\t\t\t<div class=\"elementor-element elementor-element-332dedf5 elementor-widget__width-inherit elementor-widget elementor-widget-heading\" data-id=\"332dedf5\" data-element_type=\"widget\" data-widget_type=\"heading.default\">\n\t\t\t\t<div class=\"elementor-widget-container\">\n\t\t\t\t\t<span class=\"elementor-heading-title elementor-size-default\">ACCUEIL - PRODUITS<\/span>\t\t\t\t<\/div>\n\t\t\t\t<\/div>\n\t\t\t\t\t<\/div>\n\t\t<\/div>\n\t\t\t\t<div class=\"elementor-column elementor-col-33 elementor-inner-column elementor-element elementor-element-aa9fa58\" data-id=\"aa9fa58\" data-element_type=\"column\">\n\t\t\t<div class=\"elementor-widget-wrap\">\n\t\t\t\t\t\t\t<\/div>\n\t\t<\/div>\n\t\t\t\t\t<\/div>\n\t\t<\/section>\n\t\t\t\t<div class=\"elementor-element elementor-element-4f3ab3df elementor-widget elementor-widget-heading\" data-id=\"4f3ab3df\" data-element_type=\"widget\" data-widget_type=\"heading.default\">\n\t\t\t\t<div class=\"elementor-widget-container\">\n\t\t\t\t\t<span class=\"elementor-heading-title elementor-size-default\">Cribles lin\u00e9aires<\/span>\t\t\t\t<\/div>\n\t\t\t\t<\/div>\n\t\t\t\t\t<\/div>\n\t\t<\/div>\n\t\t\t\t\t<\/div>\n\t\t<\/section>\n\t\t\t\t<section class=\"elementor-section elementor-top-section elementor-element elementor-element-2f15e2f elementor-section-boxed elementor-section-height-default elementor-section-height-default\" data-id=\"2f15e2f\" data-element_type=\"section\">\n\t\t\t\t\t\t<div class=\"elementor-container elementor-column-gap-default\">\n\t\t\t\t\t<div class=\"elementor-column elementor-col-100 elementor-top-column elementor-element elementor-element-2ad08cfe\" data-id=\"2ad08cfe\" data-element_type=\"column\">\n\t\t\t<div class=\"elementor-widget-wrap elementor-element-populated\">\n\t\t\t\t\t\t<section class=\"elementor-section elementor-inner-section elementor-element elementor-element-4fa2e75d elementor-section-boxed elementor-section-height-default elementor-section-height-default\" data-id=\"4fa2e75d\" data-element_type=\"section\">\n\t\t\t\t\t\t<div class=\"elementor-container elementor-column-gap-no\">\n\t\t\t\t\t<div class=\"elementor-column elementor-col-100 elementor-inner-column elementor-element elementor-element-3bb18720\" data-id=\"3bb18720\" data-element_type=\"column\">\n\t\t\t<div class=\"elementor-widget-wrap elementor-element-populated\">\n\t\t\t\t\t\t<div class=\"elementor-element elementor-element-5c8167da elementor-widget elementor-widget-image\" data-id=\"5c8167da\" data-element_type=\"widget\" data-widget_type=\"image.default\">\n\t\t\t\t<div class=\"elementor-widget-container\">\n\t\t\t\t\t\t\t\t\t\t\t\t\t\t\t<img decoding=\"async\" src=\"https:\/\/roytecglobal.com\/wp-content\/uploads\/elementor\/thumbs\/products_linear_screens2-qjpl5lqi9w9u31q9rbaeixloeovll9b5ycdgo038co.jpg\" title=\"produits_\u00e9crans_lin\u00e9aires2\" alt=\"Linear Screens\" loading=\"lazy\" \/>\t\t\t\t\t\t\t\t\t\t\t\t\t\t\t<\/div>\n\t\t\t\t<\/div>\n\t\t\t\t\t<\/div>\n\t\t<\/div>\n\t\t\t\t\t<\/div>\n\t\t<\/section>\n\t\t\t\t\t<\/div>\n\t\t<\/div>\n\t\t\t\t\t<\/div>\n\t\t<\/section>\n\t\t\t\t<section class=\"elementor-section elementor-top-section elementor-element elementor-element-223a194e elementor-section-boxed elementor-section-height-default elementor-section-height-default\" data-id=\"223a194e\" data-element_type=\"section\">\n\t\t\t\t\t\t<div class=\"elementor-container elementor-column-gap-default\">\n\t\t\t\t\t<div class=\"elementor-column elementor-col-50 elementor-top-column elementor-element elementor-element-a55ba72\" data-id=\"a55ba72\" data-element_type=\"column\">\n\t\t\t<div class=\"elementor-widget-wrap elementor-element-populated\">\n\t\t\t\t\t\t<section class=\"elementor-section elementor-inner-section elementor-element elementor-element-128f7eb elementor-section-boxed elementor-section-height-default elementor-section-height-default\" data-id=\"128f7eb\" data-element_type=\"section\">\n\t\t\t\t\t\t<div class=\"elementor-container elementor-column-gap-default\">\n\t\t\t\t\t<div class=\"elementor-column elementor-col-100 elementor-inner-column elementor-element elementor-element-9520604\" data-id=\"9520604\" data-element_type=\"column\">\n\t\t\t<div class=\"elementor-widget-wrap elementor-element-populated\">\n\t\t\t\t\t\t\t<\/div>\n\t\t<\/div>\n\t\t\t\t\t<\/div>\n\t\t<\/section>\n\t\t\t\t<div class=\"elementor-element elementor-element-db0c8dd elementor-align-center elementor-widget elementor-widget-button\" data-id=\"db0c8dd\" data-element_type=\"widget\" data-widget_type=\"button.default\">\n\t\t\t\t<div class=\"elementor-widget-container\">\n\t\t\t\t\t\t\t\t\t<div class=\"elementor-button-wrapper\">\n\t\t\t\t\t<a class=\"elementor-button elementor-button-link elementor-size-sm\" href=\"https:\/\/roytecglobal.com\/wp-content\/uploads\/2025\/06\/Roytec-Company-Profile-2025.pdf\" target=\"_blank\">\n\t\t\t\t\t\t<span class=\"elementor-button-content-wrapper\">\n\t\t\t\t\t\t\t\t\t<span class=\"elementor-button-text\">T\u00e9l\u00e9charger la brochure<\/span>\n\t\t\t\t\t<\/span>\n\t\t\t\t\t<\/a>\n\t\t\t\t<\/div>\n\t\t\t\t\t\t\t\t<\/div>\n\t\t\t\t<\/div>\n\t\t\t\t\t<\/div>\n\t\t<\/div>\n\t\t\t\t<div class=\"elementor-column elementor-col-50 elementor-top-column elementor-element elementor-element-4b21f415\" data-id=\"4b21f415\" data-element_type=\"column\">\n\t\t\t<div class=\"elementor-widget-wrap elementor-element-populated\">\n\t\t\t\t\t\t<div class=\"elementor-element elementor-element-38e2233b elementor-widget elementor-widget-heading\" data-id=\"38e2233b\" data-element_type=\"widget\" data-widget_type=\"heading.default\">\n\t\t\t\t<div class=\"elementor-widget-container\">\n\t\t\t\t\t<h2 class=\"elementor-heading-title elementor-size-default\">Cribles lin\u00e9aires<\/h2>\t\t\t\t<\/div>\n\t\t\t\t<\/div>\n\t\t\t\t<div class=\"elementor-element elementor-element-6608bdab elementor-widget elementor-widget-heading\" data-id=\"6608bdab\" data-element_type=\"widget\" data-widget_type=\"heading.default\">\n\t\t\t\t<div class=\"elementor-widget-container\">\n\t\t\t\t\t<h2 class=\"elementor-heading-title elementor-size-default\">Roytec propose une large gamme de cribles lin\u00e9aires horizontaux pour la d\u00e9shydratation de diverses boues min\u00e9rales et industrielles.<\/h2>\t\t\t\t<\/div>\n\t\t\t\t<\/div>\n\t\t\t\t<div class=\"elementor-element elementor-element-526871c elementor-widget elementor-widget-heading\" data-id=\"526871c\" data-element_type=\"widget\" data-widget_type=\"heading.default\">\n\t\t\t\t<div class=\"elementor-widget-container\">\n\t\t\t\t\t<h2 class=\"elementor-heading-title elementor-size-default\">Technologie<\/h2>\t\t\t\t<\/div>\n\t\t\t\t<\/div>\n\t\t\t\t<section class=\"elementor-section elementor-inner-section elementor-element elementor-element-5cd84b7a elementor-section-boxed elementor-section-height-default elementor-section-height-default\" data-id=\"5cd84b7a\" data-element_type=\"section\">\n\t\t\t\t\t\t<div class=\"elementor-container elementor-column-gap-default\">\n\t\t\t\t\t<div class=\"elementor-column elementor-col-50 elementor-inner-column elementor-element elementor-element-54df0cf7\" data-id=\"54df0cf7\" data-element_type=\"column\">\n\t\t\t<div class=\"elementor-widget-wrap\">\n\t\t\t\t\t\t\t<\/div>\n\t\t<\/div>\n\t\t\t\t<div class=\"elementor-column elementor-col-50 elementor-inner-column elementor-element elementor-element-12d9ea12\" data-id=\"12d9ea12\" data-element_type=\"column\">\n\t\t\t<div class=\"elementor-widget-wrap elementor-element-populated\">\n\t\t\t\t\t\t<div class=\"elementor-element elementor-element-7773c4cb elementor-vertical-align-middle elementor-widget elementor-widget-image-box\" data-id=\"7773c4cb\" data-element_type=\"widget\" data-widget_type=\"image-box.default\">\n\t\t\t\t<div class=\"elementor-widget-container\">\n\t\t\t\t\t<div class=\"elementor-image-box-wrapper\"><div class=\"elementor-image-box-content\"><h3 class=\"elementor-image-box-title\">Notre technologie<\/h3><p class=\"elementor-image-box-description\">Ces unit\u00e9s simples et robustes sont con\u00e7ues pour des d\u00e9bits volum\u00e9triques \u00e9lev\u00e9s et offrent une efficacit\u00e9 in\u00e9gal\u00e9e dans l'\u00e9limination des surdimensions. Les cribles lin\u00e9aires coupent efficacement jusqu'\u00e0 une ouverture de 300\u00b5m.<\/p><\/div><\/div>\t\t\t\t<\/div>\n\t\t\t\t<\/div>\n\t\t\t\t\t<\/div>\n\t\t<\/div>\n\t\t\t\t\t<\/div>\n\t\t<\/section>\n\t\t\t\t<div class=\"elementor-element elementor-element-3f3130b2 elementor-widget-divider--view-line elementor-widget elementor-widget-divider\" data-id=\"3f3130b2\" data-element_type=\"widget\" data-widget_type=\"divider.default\">\n\t\t\t\t<div class=\"elementor-widget-container\">\n\t\t\t\t\t\t\t<div class=\"elementor-divider\">\n\t\t\t<span class=\"elementor-divider-separator\">\n\t\t\t\t\t\t<\/span>\n\t\t<\/div>\n\t\t\t\t\t\t<\/div>\n\t\t\t\t<\/div>\n\t\t\t\t\t<\/div>\n\t\t<\/div>\n\t\t\t\t\t<\/div>\n\t\t<\/section>\n\t\t\t\t<\/div>","protected":false},"excerpt":{"rendered":"<p>HOME &#8211; PRODUCTS Linear Screens Download the Brochure Linear Screens Roytec provides a wide range of Horizontal Linear Screens for the dewatering of various mineral and industrial slurries. Technology Our technology These simple, robust units are designed for high volumetric flows and offer unrivalled efficiency in oversize removal. Linear screens effectively cut down to 300\u00b5m [&hellip;]<\/p>","protected":false},"author":1,"featured_media":0,"parent":473,"menu_order":0,"comment_status":"closed","ping_status":"closed","template":"","meta":{"footnotes":""},"class_list":["post-1166","page","type-page","status-publish","hentry"],"yoast_head":"<!-- This site is optimized with the Yoast SEO plugin v26.8 - https:\/\/yoast.com\/product\/yoast-seo-wordpress\/ -->\n<title>Horizontal Linear Screens Manufacturer | Roytec Global<\/title>\n<meta name=\"description\" content=\"We provide a wide range of Horizontal Linear Screens for the dewatering of various mineral &amp; industrial slurries. Get tailored solutions for material separation!\" \/>\n<meta name=\"robots\" content=\"index, follow, max-snippet:-1, max-image-preview:large, max-video-preview:-1\" \/>\n<link rel=\"canonical\" href=\"https:\/\/roytecglobal.com\/le-francais\/products\/products-linear-screens\/\" \/>\n<meta property=\"og:locale\" content=\"fr_CA\" \/>\n<meta property=\"og:type\" content=\"article\" \/>\n<meta property=\"og:title\" content=\"Horizontal Linear Screens Manufacturer | Roytec Global\" \/>\n<meta property=\"og:description\" content=\"We provide a wide range of Horizontal Linear Screens for the dewatering of various mineral &amp; industrial slurries. Get tailored solutions for material separation!\" \/>\n<meta property=\"og:url\" content=\"https:\/\/roytecglobal.com\/le-francais\/products\/products-linear-screens\/\" \/>\n<meta property=\"og:site_name\" content=\"Roytec Global\" \/>\n<meta property=\"article:publisher\" content=\"https:\/\/www.facebook.com\/RoytecGlobal\/\" \/>\n<meta property=\"article:modified_time\" content=\"2025-09-09T11:40:25+00:00\" \/>\n<meta property=\"og:image\" content=\"https:\/\/roytecglobal.com\/wp-content\/uploads\/elementor\/thumbs\/products_linear_screens2-qjpl5lqi9w9u31q9rbaeixloeovll9b5ycdgo038co.jpg\" \/>\n<meta name=\"twitter:card\" content=\"summary_large_image\" \/>\n<meta name=\"twitter:label1\" content=\"Estimation du temps de lecture\" \/>\n\t<meta name=\"twitter:data1\" content=\"1 minute\" \/>\n<script type=\"application\/ld+json\" class=\"yoast-schema-graph\">{\"@context\":\"https:\/\/schema.org\",\"@graph\":[{\"@type\":\"Article\",\"@id\":\"https:\/\/roytecglobal.com\/products\/products-linear-screens\/#article\",\"isPartOf\":{\"@id\":\"https:\/\/roytecglobal.com\/products\/products-linear-screens\/\"},\"author\":{\"name\":\"Renato\",\"@id\":\"https:\/\/roytecglobal.com\/#\/schema\/person\/47ef83615af340c9a897a0480df7c278\"},\"headline\":\"Products &#8211; Linear Screens\",\"datePublished\":\"2023-02-09T10:28:23+00:00\",\"dateModified\":\"2025-09-09T11:40:25+00:00\",\"mainEntityOfPage\":{\"@id\":\"https:\/\/roytecglobal.com\/products\/products-linear-screens\/\"},\"wordCount\":60,\"publisher\":{\"@id\":\"https:\/\/roytecglobal.com\/#organization\"},\"image\":{\"@id\":\"https:\/\/roytecglobal.com\/products\/products-linear-screens\/#primaryimage\"},\"thumbnailUrl\":\"https:\/\/roytecglobal.com\/wp-content\/uploads\/elementor\/thumbs\/products_linear_screens2-qjpl5lqi9w9u31q9rbaeixloeovll9b5ycdgo038co.jpg\",\"inLanguage\":\"fr-CA\"},{\"@type\":\"WebPage\",\"@id\":\"https:\/\/roytecglobal.com\/products\/products-linear-screens\/\",\"url\":\"https:\/\/roytecglobal.com\/products\/products-linear-screens\/\",\"name\":\"Horizontal Linear Screens Manufacturer | Roytec Global\",\"isPartOf\":{\"@id\":\"https:\/\/roytecglobal.com\/#website\"},\"primaryImageOfPage\":{\"@id\":\"https:\/\/roytecglobal.com\/products\/products-linear-screens\/#primaryimage\"},\"image\":{\"@id\":\"https:\/\/roytecglobal.com\/products\/products-linear-screens\/#primaryimage\"},\"thumbnailUrl\":\"https:\/\/roytecglobal.com\/wp-content\/uploads\/elementor\/thumbs\/products_linear_screens2-qjpl5lqi9w9u31q9rbaeixloeovll9b5ycdgo038co.jpg\",\"datePublished\":\"2023-02-09T10:28:23+00:00\",\"dateModified\":\"2025-09-09T11:40:25+00:00\",\"description\":\"We provide a wide range of Horizontal Linear Screens for the dewatering of various mineral & industrial slurries. Get tailored solutions for material separation!\",\"breadcrumb\":{\"@id\":\"https:\/\/roytecglobal.com\/products\/products-linear-screens\/#breadcrumb\"},\"inLanguage\":\"fr-CA\",\"potentialAction\":[{\"@type\":\"ReadAction\",\"target\":[\"https:\/\/roytecglobal.com\/products\/products-linear-screens\/\"]}]},{\"@type\":\"ImageObject\",\"inLanguage\":\"fr-CA\",\"@id\":\"https:\/\/roytecglobal.com\/products\/products-linear-screens\/#primaryimage\",\"url\":\"https:\/\/roytecglobal.com\/wp-content\/uploads\/elementor\/thumbs\/products_linear_screens2-qjpl5lqi9w9u31q9rbaeixloeovll9b5ycdgo038co.jpg\",\"contentUrl\":\"https:\/\/roytecglobal.com\/wp-content\/uploads\/elementor\/thumbs\/products_linear_screens2-qjpl5lqi9w9u31q9rbaeixloeovll9b5ycdgo038co.jpg\"},{\"@type\":\"BreadcrumbList\",\"@id\":\"https:\/\/roytecglobal.com\/products\/products-linear-screens\/#breadcrumb\",\"itemListElement\":[{\"@type\":\"ListItem\",\"position\":1,\"name\":\"Home\",\"item\":\"https:\/\/roytecglobal.com\/\"},{\"@type\":\"ListItem\",\"position\":2,\"name\":\"Our Products\",\"item\":\"https:\/\/roytecglobal.com\/products\/\"},{\"@type\":\"ListItem\",\"position\":3,\"name\":\"Products &#8211; Linear Screens\"}]},{\"@type\":\"WebSite\",\"@id\":\"https:\/\/roytecglobal.com\/#website\",\"url\":\"https:\/\/roytecglobal.com\/\",\"name\":\"Roytec Global\",\"description\":\"EXCELLENCE IN SEPARATION TECHNOLOGIES\",\"publisher\":{\"@id\":\"https:\/\/roytecglobal.com\/#organization\"},\"potentialAction\":[{\"@type\":\"SearchAction\",\"target\":{\"@type\":\"EntryPoint\",\"urlTemplate\":\"https:\/\/roytecglobal.com\/?s={search_term_string}\"},\"query-input\":{\"@type\":\"PropertyValueSpecification\",\"valueRequired\":true,\"valueName\":\"search_term_string\"}}],\"inLanguage\":\"fr-CA\"},{\"@type\":\"Organization\",\"@id\":\"https:\/\/roytecglobal.com\/#organization\",\"name\":\"Roytec Global\",\"url\":\"https:\/\/roytecglobal.com\/\",\"logo\":{\"@type\":\"ImageObject\",\"inLanguage\":\"fr-CA\",\"@id\":\"https:\/\/roytecglobal.com\/#\/schema\/logo\/image\/\",\"url\":\"https:\/\/roytecglobal.com\/wp-content\/uploads\/2023\/01\/New-Roytec-Global-Logo_fnl-01-scaled.jpg\",\"contentUrl\":\"https:\/\/roytecglobal.com\/wp-content\/uploads\/2023\/01\/New-Roytec-Global-Logo_fnl-01-scaled.jpg\",\"width\":2560,\"height\":666,\"caption\":\"Roytec Global\"},\"image\":{\"@id\":\"https:\/\/roytecglobal.com\/#\/schema\/logo\/image\/\"},\"sameAs\":[\"https:\/\/www.facebook.com\/RoytecGlobal\/\",\"https:\/\/www.linkedin.com\/company\/roytec-global-pty-ltd\/about\/\"]},{\"@type\":\"Person\",\"@id\":\"https:\/\/roytecglobal.com\/#\/schema\/person\/47ef83615af340c9a897a0480df7c278\",\"name\":\"Renato\",\"image\":{\"@type\":\"ImageObject\",\"inLanguage\":\"fr-CA\",\"@id\":\"https:\/\/roytecglobal.com\/#\/schema\/person\/image\/\",\"url\":\"https:\/\/secure.gravatar.com\/avatar\/2af9d47ad9cc84fb35edc218bf4a6f55f6c0ade2c86ad0ea1006854dbe93cdd9?s=96&d=mm&r=g\",\"contentUrl\":\"https:\/\/secure.gravatar.com\/avatar\/2af9d47ad9cc84fb35edc218bf4a6f55f6c0ade2c86ad0ea1006854dbe93cdd9?s=96&d=mm&r=g\",\"caption\":\"Renato\"},\"sameAs\":[\"https:\/\/doublebarril.com\"]}]}<\/script>\n<!-- \/ Yoast SEO plugin. -->","yoast_head_json":{"title":"Horizontal Linear Screens Manufacturer | Roytec Global","description":"We provide a wide range of Horizontal Linear Screens for the dewatering of various mineral & industrial slurries. Get tailored solutions for material separation!","robots":{"index":"index","follow":"follow","max-snippet":"max-snippet:-1","max-image-preview":"max-image-preview:large","max-video-preview":"max-video-preview:-1"},"canonical":"https:\/\/roytecglobal.com\/le-francais\/products\/products-linear-screens\/","og_locale":"fr_CA","og_type":"article","og_title":"Horizontal Linear Screens Manufacturer | Roytec Global","og_description":"We provide a wide range of Horizontal Linear Screens for the dewatering of various mineral & industrial slurries. Get tailored solutions for material separation!","og_url":"https:\/\/roytecglobal.com\/le-francais\/products\/products-linear-screens\/","og_site_name":"Roytec Global","article_publisher":"https:\/\/www.facebook.com\/RoytecGlobal\/","article_modified_time":"2025-09-09T11:40:25+00:00","og_image":[{"url":"https:\/\/roytecglobal.com\/wp-content\/uploads\/elementor\/thumbs\/products_linear_screens2-qjpl5lqi9w9u31q9rbaeixloeovll9b5ycdgo038co.jpg","type":"","width":"","height":""}],"twitter_card":"summary_large_image","twitter_misc":{"Estimation du temps de lecture":"1 minute"},"schema":{"@context":"https:\/\/schema.org","@graph":[{"@type":"Article","@id":"https:\/\/roytecglobal.com\/products\/products-linear-screens\/#article","isPartOf":{"@id":"https:\/\/roytecglobal.com\/products\/products-linear-screens\/"},"author":{"name":"Renato","@id":"https:\/\/roytecglobal.com\/#\/schema\/person\/47ef83615af340c9a897a0480df7c278"},"headline":"Products &#8211; Linear Screens","datePublished":"2023-02-09T10:28:23+00:00","dateModified":"2025-09-09T11:40:25+00:00","mainEntityOfPage":{"@id":"https:\/\/roytecglobal.com\/products\/products-linear-screens\/"},"wordCount":60,"publisher":{"@id":"https:\/\/roytecglobal.com\/#organization"},"image":{"@id":"https:\/\/roytecglobal.com\/products\/products-linear-screens\/#primaryimage"},"thumbnailUrl":"https:\/\/roytecglobal.com\/wp-content\/uploads\/elementor\/thumbs\/products_linear_screens2-qjpl5lqi9w9u31q9rbaeixloeovll9b5ycdgo038co.jpg","inLanguage":"fr-CA"},{"@type":"WebPage","@id":"https:\/\/roytecglobal.com\/products\/products-linear-screens\/","url":"https:\/\/roytecglobal.com\/products\/products-linear-screens\/","name":"Horizontal Linear Screens Manufacturer | Roytec Global","isPartOf":{"@id":"https:\/\/roytecglobal.com\/#website"},"primaryImageOfPage":{"@id":"https:\/\/roytecglobal.com\/products\/products-linear-screens\/#primaryimage"},"image":{"@id":"https:\/\/roytecglobal.com\/products\/products-linear-screens\/#primaryimage"},"thumbnailUrl":"https:\/\/roytecglobal.com\/wp-content\/uploads\/elementor\/thumbs\/products_linear_screens2-qjpl5lqi9w9u31q9rbaeixloeovll9b5ycdgo038co.jpg","datePublished":"2023-02-09T10:28:23+00:00","dateModified":"2025-09-09T11:40:25+00:00","description":"We provide a wide range of Horizontal Linear Screens for the dewatering of various mineral & industrial slurries. Get tailored solutions for material separation!","breadcrumb":{"@id":"https:\/\/roytecglobal.com\/products\/products-linear-screens\/#breadcrumb"},"inLanguage":"fr-CA","potentialAction":[{"@type":"ReadAction","target":["https:\/\/roytecglobal.com\/products\/products-linear-screens\/"]}]},{"@type":"ImageObject","inLanguage":"fr-CA","@id":"https:\/\/roytecglobal.com\/products\/products-linear-screens\/#primaryimage","url":"https:\/\/roytecglobal.com\/wp-content\/uploads\/elementor\/thumbs\/products_linear_screens2-qjpl5lqi9w9u31q9rbaeixloeovll9b5ycdgo038co.jpg","contentUrl":"https:\/\/roytecglobal.com\/wp-content\/uploads\/elementor\/thumbs\/products_linear_screens2-qjpl5lqi9w9u31q9rbaeixloeovll9b5ycdgo038co.jpg"},{"@type":"BreadcrumbList","@id":"https:\/\/roytecglobal.com\/products\/products-linear-screens\/#breadcrumb","itemListElement":[{"@type":"ListItem","position":1,"name":"Home","item":"https:\/\/roytecglobal.com\/"},{"@type":"ListItem","position":2,"name":"Our Products","item":"https:\/\/roytecglobal.com\/products\/"},{"@type":"ListItem","position":3,"name":"Products &#8211; Linear Screens"}]},{"@type":"WebSite","@id":"https:\/\/roytecglobal.com\/#website","url":"https:\/\/roytecglobal.com\/","name":"Roytec Global","description":"L'EXCELLENCE DANS LES TECHNOLOGIES DE S\u00c9PARATION","publisher":{"@id":"https:\/\/roytecglobal.com\/#organization"},"potentialAction":[{"@type":"SearchAction","target":{"@type":"EntryPoint","urlTemplate":"https:\/\/roytecglobal.com\/?s={search_term_string}"},"query-input":{"@type":"PropertyValueSpecification","valueRequired":true,"valueName":"search_term_string"}}],"inLanguage":"fr-CA"},{"@type":"Organization","@id":"https:\/\/roytecglobal.com\/#organization","name":"Roytec Global","url":"https:\/\/roytecglobal.com\/","logo":{"@type":"ImageObject","inLanguage":"fr-CA","@id":"https:\/\/roytecglobal.com\/#\/schema\/logo\/image\/","url":"https:\/\/roytecglobal.com\/wp-content\/uploads\/2023\/01\/New-Roytec-Global-Logo_fnl-01-scaled.jpg","contentUrl":"https:\/\/roytecglobal.com\/wp-content\/uploads\/2023\/01\/New-Roytec-Global-Logo_fnl-01-scaled.jpg","width":2560,"height":666,"caption":"Roytec Global"},"image":{"@id":"https:\/\/roytecglobal.com\/#\/schema\/logo\/image\/"},"sameAs":["https:\/\/www.facebook.com\/RoytecGlobal\/","https:\/\/www.linkedin.com\/company\/roytec-global-pty-ltd\/about\/"]},{"@type":"Person","@id":"https:\/\/roytecglobal.com\/#\/schema\/person\/47ef83615af340c9a897a0480df7c278","name":"Renato","image":{"@type":"ImageObject","inLanguage":"fr-CA","@id":"https:\/\/roytecglobal.com\/#\/schema\/person\/image\/","url":"https:\/\/secure.gravatar.com\/avatar\/2af9d47ad9cc84fb35edc218bf4a6f55f6c0ade2c86ad0ea1006854dbe93cdd9?s=96&d=mm&r=g","contentUrl":"https:\/\/secure.gravatar.com\/avatar\/2af9d47ad9cc84fb35edc218bf4a6f55f6c0ade2c86ad0ea1006854dbe93cdd9?s=96&d=mm&r=g","caption":"Renato"},"sameAs":["https:\/\/doublebarril.com"]}]}},"_links":{"self":[{"href":"https:\/\/roytecglobal.com\/le-francais\/wp-json\/wp\/v2\/pages\/1166","targetHints":{"allow":["GET"]}}],"collection":[{"href":"https:\/\/roytecglobal.com\/le-francais\/wp-json\/wp\/v2\/pages"}],"about":[{"href":"https:\/\/roytecglobal.com\/le-francais\/wp-json\/wp\/v2\/types\/page"}],"author":[{"embeddable":true,"href":"https:\/\/roytecglobal.com\/le-francais\/wp-json\/wp\/v2\/users\/1"}],"replies":[{"embeddable":true,"href":"https:\/\/roytecglobal.com\/le-francais\/wp-json\/wp\/v2\/comments?post=1166"}],"version-history":[{"count":27,"href":"https:\/\/roytecglobal.com\/le-francais\/wp-json\/wp\/v2\/pages\/1166\/revisions"}],"predecessor-version":[{"id":4637,"href":"https:\/\/roytecglobal.com\/le-francais\/wp-json\/wp\/v2\/pages\/1166\/revisions\/4637"}],"up":[{"embeddable":true,"href":"https:\/\/roytecglobal.com\/le-francais\/wp-json\/wp\/v2\/pages\/473"}],"wp:attachment":[{"href":"https:\/\/roytecglobal.com\/le-francais\/wp-json\/wp\/v2\/media?parent=1166"}],"curies":[{"name":"wp","href":"https:\/\/api.w.org\/{rel}","templated":true}]}}