{"id":1176,"date":"2023-02-09T12:44:54","date_gmt":"2023-02-09T10:44:54","guid":{"rendered":"https:\/\/roytecglobal.com\/?page_id=1176"},"modified":"2026-04-22T12:07:21","modified_gmt":"2026-04-22T10:07:21","slug":"products-reagent-plants","status":"publish","type":"page","link":"https:\/\/roytecglobal.com\/le-francais\/products\/products-reagent-plants\/","title":{"rendered":"Produits - Plantes r\u00e9actives"},"content":{"rendered":"<div data-elementor-type=\"wp-page\" data-elementor-id=\"1176\" class=\"elementor elementor-1176\" data-elementor-post-type=\"page\">\n\t\t\t\t\t\t<section class=\"elementor-section elementor-top-section elementor-element elementor-element-44ca42d0 elementor-section-boxed elementor-section-height-default elementor-section-height-default\" data-id=\"44ca42d0\" data-element_type=\"section\" data-settings=\"{&quot;background_background&quot;:&quot;classic&quot;}\">\n\t\t\t\t\t\t<div class=\"elementor-container elementor-column-gap-default\">\n\t\t\t\t\t<div class=\"elementor-column elementor-col-100 elementor-top-column elementor-element elementor-element-66088530\" data-id=\"66088530\" data-element_type=\"column\">\n\t\t\t<div class=\"elementor-widget-wrap elementor-element-populated\">\n\t\t\t\t\t\t<section class=\"elementor-section elementor-inner-section elementor-element elementor-element-6fd1fda1 elementor-section-boxed elementor-section-height-default elementor-section-height-default\" data-id=\"6fd1fda1\" data-element_type=\"section\">\n\t\t\t\t\t\t<div class=\"elementor-container elementor-column-gap-default\">\n\t\t\t\t\t<div class=\"elementor-column elementor-col-33 elementor-inner-column elementor-element elementor-element-22538f34\" data-id=\"22538f34\" data-element_type=\"column\">\n\t\t\t<div class=\"elementor-widget-wrap\">\n\t\t\t\t\t\t\t<\/div>\n\t\t<\/div>\n\t\t\t\t<div class=\"elementor-column elementor-col-33 elementor-inner-column elementor-element elementor-element-4b687673\" data-id=\"4b687673\" data-element_type=\"column\">\n\t\t\t<div class=\"elementor-widget-wrap elementor-element-populated\">\n\t\t\t\t\t\t<div class=\"elementor-element elementor-element-332dedf5 elementor-widget__width-inherit elementor-widget elementor-widget-heading\" data-id=\"332dedf5\" data-element_type=\"widget\" data-widget_type=\"heading.default\">\n\t\t\t\t<div class=\"elementor-widget-container\">\n\t\t\t\t\t<span class=\"elementor-heading-title elementor-size-default\">ACCUEIL - PRODUITS<\/span>\t\t\t\t<\/div>\n\t\t\t\t<\/div>\n\t\t\t\t\t<\/div>\n\t\t<\/div>\n\t\t\t\t<div class=\"elementor-column elementor-col-33 elementor-inner-column elementor-element elementor-element-aa9fa58\" data-id=\"aa9fa58\" data-element_type=\"column\">\n\t\t\t<div class=\"elementor-widget-wrap\">\n\t\t\t\t\t\t\t<\/div>\n\t\t<\/div>\n\t\t\t\t\t<\/div>\n\t\t<\/section>\n\t\t\t\t<div class=\"elementor-element elementor-element-4f3ab3df elementor-widget elementor-widget-heading\" data-id=\"4f3ab3df\" data-element_type=\"widget\" data-widget_type=\"heading.default\">\n\t\t\t\t<div class=\"elementor-widget-container\">\n\t\t\t\t\t<span class=\"elementor-heading-title elementor-size-default\">Plantes r\u00e9actives<\/span>\t\t\t\t<\/div>\n\t\t\t\t<\/div>\n\t\t\t\t\t<\/div>\n\t\t<\/div>\n\t\t\t\t\t<\/div>\n\t\t<\/section>\n\t\t\t\t<section class=\"elementor-section elementor-top-section elementor-element elementor-element-2f15e2f elementor-section-boxed elementor-section-height-default elementor-section-height-default\" data-id=\"2f15e2f\" data-element_type=\"section\">\n\t\t\t\t\t\t<div class=\"elementor-container elementor-column-gap-default\">\n\t\t\t\t\t<div class=\"elementor-column elementor-col-100 elementor-top-column elementor-element elementor-element-2ad08cfe\" data-id=\"2ad08cfe\" data-element_type=\"column\">\n\t\t\t<div class=\"elementor-widget-wrap elementor-element-populated\">\n\t\t\t\t\t\t<section class=\"elementor-section elementor-inner-section elementor-element elementor-element-4fa2e75d elementor-section-boxed elementor-section-height-default elementor-section-height-default\" data-id=\"4fa2e75d\" data-element_type=\"section\">\n\t\t\t\t\t\t<div class=\"elementor-container elementor-column-gap-no\">\n\t\t\t\t\t<div class=\"elementor-column elementor-col-100 elementor-inner-column elementor-element elementor-element-3bb18720\" data-id=\"3bb18720\" data-element_type=\"column\">\n\t\t\t<div class=\"elementor-widget-wrap elementor-element-populated\">\n\t\t\t\t\t\t<div class=\"elementor-element elementor-element-5c8167da elementor-widget elementor-widget-image\" data-id=\"5c8167da\" data-element_type=\"widget\" data-widget_type=\"image.default\">\n\t\t\t\t<div class=\"elementor-widget-container\">\n\t\t\t\t\t\t\t\t\t\t\t\t\t\t\t<img decoding=\"async\" src=\"https:\/\/roytecglobal.com\/wp-content\/uploads\/elementor\/thumbs\/Flocculant-Plant-qjpl6b414xj1rkucd6lucunw5v8iijs1jr5w6x7q88.jpg\" title=\"Usine de floculants | Roytec Global\" alt=\"Flocculant Plant\" loading=\"lazy\" \/>\t\t\t\t\t\t\t\t\t\t\t\t\t\t\t<\/div>\n\t\t\t\t<\/div>\n\t\t\t\t\t<\/div>\n\t\t<\/div>\n\t\t\t\t\t<\/div>\n\t\t<\/section>\n\t\t\t\t\t<\/div>\n\t\t<\/div>\n\t\t\t\t\t<\/div>\n\t\t<\/section>\n\t\t\t\t<section class=\"elementor-section elementor-top-section elementor-element elementor-element-223a194e elementor-section-boxed elementor-section-height-default elementor-section-height-default\" data-id=\"223a194e\" data-element_type=\"section\">\n\t\t\t\t\t\t<div class=\"elementor-container elementor-column-gap-default\">\n\t\t\t\t\t<div class=\"elementor-column elementor-col-50 elementor-top-column elementor-element elementor-element-8f7c019\" data-id=\"8f7c019\" data-element_type=\"column\">\n\t\t\t<div class=\"elementor-widget-wrap elementor-element-populated\">\n\t\t\t\t\t\t<section class=\"elementor-section elementor-inner-section elementor-element elementor-element-9b25307 elementor-section-boxed elementor-section-height-default elementor-section-height-default\" data-id=\"9b25307\" data-element_type=\"section\">\n\t\t\t\t\t\t<div class=\"elementor-container elementor-column-gap-default\">\n\t\t\t\t\t<div class=\"elementor-column elementor-col-100 elementor-inner-column elementor-element elementor-element-6a1e964\" data-id=\"6a1e964\" data-element_type=\"column\">\n\t\t\t<div class=\"elementor-widget-wrap elementor-element-populated\">\n\t\t\t\t\t\t\t<\/div>\n\t\t<\/div>\n\t\t\t\t\t<\/div>\n\t\t<\/section>\n\t\t\t\t<div class=\"elementor-element elementor-element-282deca elementor-align-center elementor-widget elementor-widget-button\" data-id=\"282deca\" data-element_type=\"widget\" data-widget_type=\"button.default\">\n\t\t\t\t<div class=\"elementor-widget-container\">\n\t\t\t\t\t\t\t\t\t<div class=\"elementor-button-wrapper\">\n\t\t\t\t\t<a class=\"elementor-button elementor-button-link elementor-size-sm\" href=\"https:\/\/roytecglobal.com\/wp-content\/uploads\/2025\/06\/Roytec-Company-Profile-2025.pdf\" target=\"_blank\">\n\t\t\t\t\t\t<span class=\"elementor-button-content-wrapper\">\n\t\t\t\t\t\t\t\t\t<span class=\"elementor-button-text\">T\u00e9l\u00e9charger la brochure<\/span>\n\t\t\t\t\t<\/span>\n\t\t\t\t\t<\/a>\n\t\t\t\t<\/div>\n\t\t\t\t\t\t\t\t<\/div>\n\t\t\t\t<\/div>\n\t\t\t\t\t<\/div>\n\t\t<\/div>\n\t\t\t\t<div class=\"elementor-column elementor-col-50 elementor-top-column elementor-element elementor-element-4b21f415\" data-id=\"4b21f415\" data-element_type=\"column\">\n\t\t\t<div class=\"elementor-widget-wrap elementor-element-populated\">\n\t\t\t\t\t\t<div class=\"elementor-element elementor-element-38e2233b elementor-widget elementor-widget-heading\" data-id=\"38e2233b\" data-element_type=\"widget\" data-widget_type=\"heading.default\">\n\t\t\t\t<div class=\"elementor-widget-container\">\n\t\t\t\t\t<h2 class=\"elementor-heading-title elementor-size-default\">Plantes r\u00e9actives<\/h2>\t\t\t\t<\/div>\n\t\t\t\t<\/div>\n\t\t\t\t<div class=\"elementor-element elementor-element-6608bdab elementor-widget elementor-widget-heading\" data-id=\"6608bdab\" data-element_type=\"widget\" data-widget_type=\"heading.default\">\n\t\t\t\t<div class=\"elementor-widget-container\">\n\t\t\t\t\t<h2 class=\"elementor-heading-title elementor-size-default\">Roytec propose une gamme compl\u00e8te d'installations de pr\u00e9paration et de dosage de r\u00e9actifs en continu et en discontinu.<\/h2>\t\t\t\t<\/div>\n\t\t\t\t<\/div>\n\t\t\t\t<div class=\"elementor-element elementor-element-526871c elementor-widget elementor-widget-heading\" data-id=\"526871c\" data-element_type=\"widget\" data-widget_type=\"heading.default\">\n\t\t\t\t<div class=\"elementor-widget-container\">\n\t\t\t\t\t<h2 class=\"elementor-heading-title elementor-size-default\">Technologie<\/h2>\t\t\t\t<\/div>\n\t\t\t\t<\/div>\n\t\t\t\t<section class=\"elementor-section elementor-inner-section elementor-element elementor-element-5cd84b7a elementor-section-boxed elementor-section-height-default elementor-section-height-default\" data-id=\"5cd84b7a\" data-element_type=\"section\">\n\t\t\t\t\t\t<div class=\"elementor-container elementor-column-gap-default\">\n\t\t\t\t\t<div class=\"elementor-column elementor-col-50 elementor-inner-column elementor-element elementor-element-54df0cf7\" data-id=\"54df0cf7\" data-element_type=\"column\">\n\t\t\t<div class=\"elementor-widget-wrap\">\n\t\t\t\t\t\t\t<\/div>\n\t\t<\/div>\n\t\t\t\t<div class=\"elementor-column elementor-col-50 elementor-inner-column elementor-element elementor-element-12d9ea12\" data-id=\"12d9ea12\" data-element_type=\"column\">\n\t\t\t<div class=\"elementor-widget-wrap elementor-element-populated\">\n\t\t\t\t\t\t<div class=\"elementor-element elementor-element-7773c4cb elementor-vertical-align-middle elementor-widget elementor-widget-image-box\" data-id=\"7773c4cb\" data-element_type=\"widget\" data-widget_type=\"image-box.default\">\n\t\t\t\t<div class=\"elementor-widget-container\">\n\t\t\t\t\t<div class=\"elementor-image-box-wrapper\"><div class=\"elementor-image-box-content\"><h3 class=\"elementor-image-box-title\">Notre technologie<\/h3><p class=\"elementor-image-box-description\">Nos usines de floculants en continu disposent d'un r\u00e9servoir de m\u00e9lange\/hydratation et d'un r\u00e9servoir de dosage qui varient de 0,8 m\u00b3 \u00e0 19,0 m\u00b3 (volume total). Ces unit\u00e9s sont mont\u00e9es sur skid (empreinte de 20 ou 40 pieds) avec tous les moteurs, vannes et instruments pr\u00e9c\u00e2bl\u00e9s \u00e0 un panneau de contr\u00f4le local composite MCC pour une installation \"plug-and-play\" sur site. <br><br>\nNotre gamme de r\u00e9actifs comprend de grandes installations de floculants en discontinu dont les volumes de r\u00e9servoir vont de 10,0 m\u00b3 \u00e0 500,0 m\u00b3 et qui sont \u00e9quip\u00e9es de syst\u00e8mes de manutention des poudres s\u00e8ches et de skids de dosage adapt\u00e9s. \n<\/p><\/div><\/div>\t\t\t\t<\/div>\n\t\t\t\t<\/div>\n\t\t\t\t\t<\/div>\n\t\t<\/div>\n\t\t\t\t\t<\/div>\n\t\t<\/section>\n\t\t\t\t<div class=\"elementor-element elementor-element-3f3130b2 elementor-widget-divider--view-line elementor-widget elementor-widget-divider\" data-id=\"3f3130b2\" data-element_type=\"widget\" data-widget_type=\"divider.default\">\n\t\t\t\t<div class=\"elementor-widget-container\">\n\t\t\t\t\t\t\t<div class=\"elementor-divider\">\n\t\t\t<span class=\"elementor-divider-separator\">\n\t\t\t\t\t\t<\/span>\n\t\t<\/div>\n\t\t\t\t\t\t<\/div>\n\t\t\t\t<\/div>\n\t\t\t\t\t<\/div>\n\t\t<\/div>\n\t\t\t\t\t<\/div>\n\t\t<\/section>\n\t\t\t\t<\/div>","protected":false},"excerpt":{"rendered":"<p>HOME &#8211; PRODUCTS Reagent Plants Download the Brochure Reagent Plants Roytec offers a full range of Continuous and Batch Reagent make-up and dosing Reagent Plants. Technology Our technology Our Continuous Flocculant Plants have designated mixing\/hydration tank and dosing tank which range from 0.8m\u00b3 to 19.0m\u00b3 (total volume). These mineral reagent plants units are skid mounted [&hellip;]<\/p>","protected":false},"author":1,"featured_media":0,"parent":473,"menu_order":0,"comment_status":"closed","ping_status":"closed","template":"","meta":{"footnotes":""},"class_list":["post-1176","page","type-page","status-publish","hentry"],"yoast_head":"<!-- This site is optimized with the Yoast SEO plugin v26.8 - https:\/\/yoast.com\/product\/yoast-seo-wordpress\/ -->\n<title>Mineral Reagent Plants Manufacturer | Roytec Global<\/title>\n<meta name=\"description\" content=\"Roytec offers a full range of continuous and batch reagent make-up and dosing reagent plants. Elevate your production with our advanced mineral reagent plants!\" \/>\n<meta name=\"robots\" content=\"index, follow, max-snippet:-1, max-image-preview:large, max-video-preview:-1\" \/>\n<link rel=\"canonical\" href=\"https:\/\/roytecglobal.com\/le-francais\/products\/products-reagent-plants\/\" \/>\n<meta property=\"og:locale\" content=\"fr_CA\" \/>\n<meta property=\"og:type\" content=\"article\" \/>\n<meta property=\"og:title\" content=\"Mineral Reagent Plants Manufacturer | Roytec Global\" \/>\n<meta property=\"og:description\" content=\"Roytec offers a full range of continuous and batch reagent make-up and dosing reagent plants. Elevate your production with our advanced mineral reagent plants!\" \/>\n<meta property=\"og:url\" content=\"https:\/\/roytecglobal.com\/le-francais\/products\/products-reagent-plants\/\" \/>\n<meta property=\"og:site_name\" content=\"Roytec Global\" \/>\n<meta property=\"article:publisher\" content=\"https:\/\/www.facebook.com\/RoytecGlobal\/\" \/>\n<meta property=\"article:modified_time\" content=\"2026-04-22T10:07:21+00:00\" \/>\n<meta property=\"og:image\" content=\"https:\/\/roytecglobal.com\/wp-content\/uploads\/elementor\/thumbs\/Flocculant-Plant-qjpl6b414xj1rkucd6lucunw5v8iijs1jr5w6x7q88.jpg\" \/>\n<meta name=\"twitter:card\" content=\"summary_large_image\" \/>\n<meta name=\"twitter:label1\" content=\"Estimation du temps de lecture\" \/>\n\t<meta name=\"twitter:data1\" content=\"1 minute\" \/>\n<script type=\"application\/ld+json\" class=\"yoast-schema-graph\">{\"@context\":\"https:\/\/schema.org\",\"@graph\":[{\"@type\":\"Article\",\"@id\":\"https:\/\/roytecglobal.com\/products\/products-reagent-plants\/#article\",\"isPartOf\":{\"@id\":\"https:\/\/roytecglobal.com\/products\/products-reagent-plants\/\"},\"author\":{\"name\":\"Renato\",\"@id\":\"https:\/\/roytecglobal.com\/#\/schema\/person\/47ef83615af340c9a897a0480df7c278\"},\"headline\":\"Products &#8211; Reagent Plants\",\"datePublished\":\"2023-02-09T10:44:54+00:00\",\"dateModified\":\"2026-04-22T10:07:21+00:00\",\"mainEntityOfPage\":{\"@id\":\"https:\/\/roytecglobal.com\/products\/products-reagent-plants\/\"},\"wordCount\":109,\"publisher\":{\"@id\":\"https:\/\/roytecglobal.com\/#organization\"},\"image\":{\"@id\":\"https:\/\/roytecglobal.com\/products\/products-reagent-plants\/#primaryimage\"},\"thumbnailUrl\":\"https:\/\/roytecglobal.com\/wp-content\/uploads\/elementor\/thumbs\/Flocculant-Plant-qjpl6b414xj1rkucd6lucunw5v8iijs1jr5w6x7q88.jpg\",\"inLanguage\":\"fr-CA\"},{\"@type\":\"WebPage\",\"@id\":\"https:\/\/roytecglobal.com\/products\/products-reagent-plants\/\",\"url\":\"https:\/\/roytecglobal.com\/products\/products-reagent-plants\/\",\"name\":\"Mineral Reagent Plants Manufacturer | Roytec Global\",\"isPartOf\":{\"@id\":\"https:\/\/roytecglobal.com\/#website\"},\"primaryImageOfPage\":{\"@id\":\"https:\/\/roytecglobal.com\/products\/products-reagent-plants\/#primaryimage\"},\"image\":{\"@id\":\"https:\/\/roytecglobal.com\/products\/products-reagent-plants\/#primaryimage\"},\"thumbnailUrl\":\"https:\/\/roytecglobal.com\/wp-content\/uploads\/elementor\/thumbs\/Flocculant-Plant-qjpl6b414xj1rkucd6lucunw5v8iijs1jr5w6x7q88.jpg\",\"datePublished\":\"2023-02-09T10:44:54+00:00\",\"dateModified\":\"2026-04-22T10:07:21+00:00\",\"description\":\"Roytec offers a full range of continuous and batch reagent make-up and dosing reagent plants. Elevate your production with our advanced mineral reagent plants!\",\"breadcrumb\":{\"@id\":\"https:\/\/roytecglobal.com\/products\/products-reagent-plants\/#breadcrumb\"},\"inLanguage\":\"fr-CA\",\"potentialAction\":[{\"@type\":\"ReadAction\",\"target\":[\"https:\/\/roytecglobal.com\/products\/products-reagent-plants\/\"]}]},{\"@type\":\"ImageObject\",\"inLanguage\":\"fr-CA\",\"@id\":\"https:\/\/roytecglobal.com\/products\/products-reagent-plants\/#primaryimage\",\"url\":\"https:\/\/roytecglobal.com\/wp-content\/uploads\/elementor\/thumbs\/Flocculant-Plant-qjpl6b414xj1rkucd6lucunw5v8iijs1jr5w6x7q88.jpg\",\"contentUrl\":\"https:\/\/roytecglobal.com\/wp-content\/uploads\/elementor\/thumbs\/Flocculant-Plant-qjpl6b414xj1rkucd6lucunw5v8iijs1jr5w6x7q88.jpg\"},{\"@type\":\"BreadcrumbList\",\"@id\":\"https:\/\/roytecglobal.com\/products\/products-reagent-plants\/#breadcrumb\",\"itemListElement\":[{\"@type\":\"ListItem\",\"position\":1,\"name\":\"Home\",\"item\":\"https:\/\/roytecglobal.com\/\"},{\"@type\":\"ListItem\",\"position\":2,\"name\":\"Our Products\",\"item\":\"https:\/\/roytecglobal.com\/products\/\"},{\"@type\":\"ListItem\",\"position\":3,\"name\":\"Products &#8211; Reagent Plants\"}]},{\"@type\":\"WebSite\",\"@id\":\"https:\/\/roytecglobal.com\/#website\",\"url\":\"https:\/\/roytecglobal.com\/\",\"name\":\"Roytec Global\",\"description\":\"EXCELLENCE IN SEPARATION TECHNOLOGIES\",\"publisher\":{\"@id\":\"https:\/\/roytecglobal.com\/#organization\"},\"potentialAction\":[{\"@type\":\"SearchAction\",\"target\":{\"@type\":\"EntryPoint\",\"urlTemplate\":\"https:\/\/roytecglobal.com\/?s={search_term_string}\"},\"query-input\":{\"@type\":\"PropertyValueSpecification\",\"valueRequired\":true,\"valueName\":\"search_term_string\"}}],\"inLanguage\":\"fr-CA\"},{\"@type\":\"Organization\",\"@id\":\"https:\/\/roytecglobal.com\/#organization\",\"name\":\"Roytec Global\",\"url\":\"https:\/\/roytecglobal.com\/\",\"logo\":{\"@type\":\"ImageObject\",\"inLanguage\":\"fr-CA\",\"@id\":\"https:\/\/roytecglobal.com\/#\/schema\/logo\/image\/\",\"url\":\"https:\/\/roytecglobal.com\/wp-content\/uploads\/2023\/01\/New-Roytec-Global-Logo_fnl-01-scaled.jpg\",\"contentUrl\":\"https:\/\/roytecglobal.com\/wp-content\/uploads\/2023\/01\/New-Roytec-Global-Logo_fnl-01-scaled.jpg\",\"width\":2560,\"height\":666,\"caption\":\"Roytec Global\"},\"image\":{\"@id\":\"https:\/\/roytecglobal.com\/#\/schema\/logo\/image\/\"},\"sameAs\":[\"https:\/\/www.facebook.com\/RoytecGlobal\/\",\"https:\/\/www.linkedin.com\/company\/roytec-global-pty-ltd\/about\/\"]},{\"@type\":\"Person\",\"@id\":\"https:\/\/roytecglobal.com\/#\/schema\/person\/47ef83615af340c9a897a0480df7c278\",\"name\":\"Renato\",\"image\":{\"@type\":\"ImageObject\",\"inLanguage\":\"fr-CA\",\"@id\":\"https:\/\/roytecglobal.com\/#\/schema\/person\/image\/\",\"url\":\"https:\/\/secure.gravatar.com\/avatar\/2af9d47ad9cc84fb35edc218bf4a6f55f6c0ade2c86ad0ea1006854dbe93cdd9?s=96&d=mm&r=g\",\"contentUrl\":\"https:\/\/secure.gravatar.com\/avatar\/2af9d47ad9cc84fb35edc218bf4a6f55f6c0ade2c86ad0ea1006854dbe93cdd9?s=96&d=mm&r=g\",\"caption\":\"Renato\"},\"sameAs\":[\"https:\/\/doublebarril.com\"]}]}<\/script>\n<!-- \/ Yoast SEO plugin. -->","yoast_head_json":{"title":"Mineral Reagent Plants Manufacturer | Roytec Global","description":"Roytec offers a full range of continuous and batch reagent make-up and dosing reagent plants. Elevate your production with our advanced mineral reagent plants!","robots":{"index":"index","follow":"follow","max-snippet":"max-snippet:-1","max-image-preview":"max-image-preview:large","max-video-preview":"max-video-preview:-1"},"canonical":"https:\/\/roytecglobal.com\/le-francais\/products\/products-reagent-plants\/","og_locale":"fr_CA","og_type":"article","og_title":"Mineral Reagent Plants Manufacturer | Roytec Global","og_description":"Roytec offers a full range of continuous and batch reagent make-up and dosing reagent plants. Elevate your production with our advanced mineral reagent plants!","og_url":"https:\/\/roytecglobal.com\/le-francais\/products\/products-reagent-plants\/","og_site_name":"Roytec Global","article_publisher":"https:\/\/www.facebook.com\/RoytecGlobal\/","article_modified_time":"2026-04-22T10:07:21+00:00","og_image":[{"url":"https:\/\/roytecglobal.com\/wp-content\/uploads\/elementor\/thumbs\/Flocculant-Plant-qjpl6b414xj1rkucd6lucunw5v8iijs1jr5w6x7q88.jpg","type":"","width":"","height":""}],"twitter_card":"summary_large_image","twitter_misc":{"Estimation du temps de lecture":"1 minute"},"schema":{"@context":"https:\/\/schema.org","@graph":[{"@type":"Article","@id":"https:\/\/roytecglobal.com\/products\/products-reagent-plants\/#article","isPartOf":{"@id":"https:\/\/roytecglobal.com\/products\/products-reagent-plants\/"},"author":{"name":"Renato","@id":"https:\/\/roytecglobal.com\/#\/schema\/person\/47ef83615af340c9a897a0480df7c278"},"headline":"Products &#8211; Reagent Plants","datePublished":"2023-02-09T10:44:54+00:00","dateModified":"2026-04-22T10:07:21+00:00","mainEntityOfPage":{"@id":"https:\/\/roytecglobal.com\/products\/products-reagent-plants\/"},"wordCount":109,"publisher":{"@id":"https:\/\/roytecglobal.com\/#organization"},"image":{"@id":"https:\/\/roytecglobal.com\/products\/products-reagent-plants\/#primaryimage"},"thumbnailUrl":"https:\/\/roytecglobal.com\/wp-content\/uploads\/elementor\/thumbs\/Flocculant-Plant-qjpl6b414xj1rkucd6lucunw5v8iijs1jr5w6x7q88.jpg","inLanguage":"fr-CA"},{"@type":"WebPage","@id":"https:\/\/roytecglobal.com\/products\/products-reagent-plants\/","url":"https:\/\/roytecglobal.com\/products\/products-reagent-plants\/","name":"Mineral Reagent Plants Manufacturer | Roytec Global","isPartOf":{"@id":"https:\/\/roytecglobal.com\/#website"},"primaryImageOfPage":{"@id":"https:\/\/roytecglobal.com\/products\/products-reagent-plants\/#primaryimage"},"image":{"@id":"https:\/\/roytecglobal.com\/products\/products-reagent-plants\/#primaryimage"},"thumbnailUrl":"https:\/\/roytecglobal.com\/wp-content\/uploads\/elementor\/thumbs\/Flocculant-Plant-qjpl6b414xj1rkucd6lucunw5v8iijs1jr5w6x7q88.jpg","datePublished":"2023-02-09T10:44:54+00:00","dateModified":"2026-04-22T10:07:21+00:00","description":"Roytec offers a full range of continuous and batch reagent make-up and dosing reagent plants. Elevate your production with our advanced mineral reagent plants!","breadcrumb":{"@id":"https:\/\/roytecglobal.com\/products\/products-reagent-plants\/#breadcrumb"},"inLanguage":"fr-CA","potentialAction":[{"@type":"ReadAction","target":["https:\/\/roytecglobal.com\/products\/products-reagent-plants\/"]}]},{"@type":"ImageObject","inLanguage":"fr-CA","@id":"https:\/\/roytecglobal.com\/products\/products-reagent-plants\/#primaryimage","url":"https:\/\/roytecglobal.com\/wp-content\/uploads\/elementor\/thumbs\/Flocculant-Plant-qjpl6b414xj1rkucd6lucunw5v8iijs1jr5w6x7q88.jpg","contentUrl":"https:\/\/roytecglobal.com\/wp-content\/uploads\/elementor\/thumbs\/Flocculant-Plant-qjpl6b414xj1rkucd6lucunw5v8iijs1jr5w6x7q88.jpg"},{"@type":"BreadcrumbList","@id":"https:\/\/roytecglobal.com\/products\/products-reagent-plants\/#breadcrumb","itemListElement":[{"@type":"ListItem","position":1,"name":"Home","item":"https:\/\/roytecglobal.com\/"},{"@type":"ListItem","position":2,"name":"Our Products","item":"https:\/\/roytecglobal.com\/products\/"},{"@type":"ListItem","position":3,"name":"Products &#8211; Reagent Plants"}]},{"@type":"WebSite","@id":"https:\/\/roytecglobal.com\/#website","url":"https:\/\/roytecglobal.com\/","name":"Roytec Global","description":"L'EXCELLENCE DANS LES TECHNOLOGIES DE S\u00c9PARATION","publisher":{"@id":"https:\/\/roytecglobal.com\/#organization"},"potentialAction":[{"@type":"SearchAction","target":{"@type":"EntryPoint","urlTemplate":"https:\/\/roytecglobal.com\/?s={search_term_string}"},"query-input":{"@type":"PropertyValueSpecification","valueRequired":true,"valueName":"search_term_string"}}],"inLanguage":"fr-CA"},{"@type":"Organization","@id":"https:\/\/roytecglobal.com\/#organization","name":"Roytec Global","url":"https:\/\/roytecglobal.com\/","logo":{"@type":"ImageObject","inLanguage":"fr-CA","@id":"https:\/\/roytecglobal.com\/#\/schema\/logo\/image\/","url":"https:\/\/roytecglobal.com\/wp-content\/uploads\/2023\/01\/New-Roytec-Global-Logo_fnl-01-scaled.jpg","contentUrl":"https:\/\/roytecglobal.com\/wp-content\/uploads\/2023\/01\/New-Roytec-Global-Logo_fnl-01-scaled.jpg","width":2560,"height":666,"caption":"Roytec Global"},"image":{"@id":"https:\/\/roytecglobal.com\/#\/schema\/logo\/image\/"},"sameAs":["https:\/\/www.facebook.com\/RoytecGlobal\/","https:\/\/www.linkedin.com\/company\/roytec-global-pty-ltd\/about\/"]},{"@type":"Person","@id":"https:\/\/roytecglobal.com\/#\/schema\/person\/47ef83615af340c9a897a0480df7c278","name":"Renato","image":{"@type":"ImageObject","inLanguage":"fr-CA","@id":"https:\/\/roytecglobal.com\/#\/schema\/person\/image\/","url":"https:\/\/secure.gravatar.com\/avatar\/2af9d47ad9cc84fb35edc218bf4a6f55f6c0ade2c86ad0ea1006854dbe93cdd9?s=96&d=mm&r=g","contentUrl":"https:\/\/secure.gravatar.com\/avatar\/2af9d47ad9cc84fb35edc218bf4a6f55f6c0ade2c86ad0ea1006854dbe93cdd9?s=96&d=mm&r=g","caption":"Renato"},"sameAs":["https:\/\/doublebarril.com"]}]}},"_links":{"self":[{"href":"https:\/\/roytecglobal.com\/le-francais\/wp-json\/wp\/v2\/pages\/1176","targetHints":{"allow":["GET"]}}],"collection":[{"href":"https:\/\/roytecglobal.com\/le-francais\/wp-json\/wp\/v2\/pages"}],"about":[{"href":"https:\/\/roytecglobal.com\/le-francais\/wp-json\/wp\/v2\/types\/page"}],"author":[{"embeddable":true,"href":"https:\/\/roytecglobal.com\/le-francais\/wp-json\/wp\/v2\/users\/1"}],"replies":[{"embeddable":true,"href":"https:\/\/roytecglobal.com\/le-francais\/wp-json\/wp\/v2\/comments?post=1176"}],"version-history":[{"count":36,"href":"https:\/\/roytecglobal.com\/le-francais\/wp-json\/wp\/v2\/pages\/1176\/revisions"}],"predecessor-version":[{"id":5146,"href":"https:\/\/roytecglobal.com\/le-francais\/wp-json\/wp\/v2\/pages\/1176\/revisions\/5146"}],"up":[{"embeddable":true,"href":"https:\/\/roytecglobal.com\/le-francais\/wp-json\/wp\/v2\/pages\/473"}],"wp:attachment":[{"href":"https:\/\/roytecglobal.com\/le-francais\/wp-json\/wp\/v2\/media?parent=1176"}],"curies":[{"name":"wp","href":"https:\/\/api.w.org\/{rel}","templated":true}]}}