{"id":1200,"date":"2023-02-09T12:54:30","date_gmt":"2023-02-09T10:54:30","guid":{"rendered":"https:\/\/roytecglobal.com\/?page_id=1200"},"modified":"2024-03-14T07:12:52","modified_gmt":"2024-03-14T05:12:52","slug":"products-segmented-tanks","status":"publish","type":"page","link":"https:\/\/roytecglobal.com\/le-francais\/products\/products-segmented-tanks\/","title":{"rendered":"Produits - R\u00e9servoirs segment\u00e9s"},"content":{"rendered":"<div data-elementor-type=\"wp-page\" data-elementor-id=\"1200\" class=\"elementor elementor-1200\" data-elementor-post-type=\"page\">\n\t\t\t\t\t\t<section class=\"elementor-section elementor-top-section elementor-element elementor-element-44ca42d0 elementor-section-boxed elementor-section-height-default elementor-section-height-default\" data-id=\"44ca42d0\" data-element_type=\"section\" data-settings=\"{&quot;background_background&quot;:&quot;classic&quot;}\">\n\t\t\t\t\t\t<div class=\"elementor-container elementor-column-gap-default\">\n\t\t\t\t\t<div class=\"elementor-column elementor-col-100 elementor-top-column elementor-element elementor-element-66088530\" data-id=\"66088530\" data-element_type=\"column\">\n\t\t\t<div class=\"elementor-widget-wrap elementor-element-populated\">\n\t\t\t\t\t\t<section class=\"elementor-section elementor-inner-section elementor-element elementor-element-6fd1fda1 elementor-section-boxed elementor-section-height-default elementor-section-height-default\" data-id=\"6fd1fda1\" data-element_type=\"section\">\n\t\t\t\t\t\t<div class=\"elementor-container elementor-column-gap-default\">\n\t\t\t\t\t<div class=\"elementor-column elementor-col-33 elementor-inner-column elementor-element elementor-element-22538f34\" data-id=\"22538f34\" data-element_type=\"column\">\n\t\t\t<div class=\"elementor-widget-wrap\">\n\t\t\t\t\t\t\t<\/div>\n\t\t<\/div>\n\t\t\t\t<div class=\"elementor-column elementor-col-33 elementor-inner-column elementor-element elementor-element-4b687673\" data-id=\"4b687673\" data-element_type=\"column\">\n\t\t\t<div class=\"elementor-widget-wrap elementor-element-populated\">\n\t\t\t\t\t\t<div class=\"elementor-element elementor-element-332dedf5 elementor-widget__width-inherit elementor-widget elementor-widget-heading\" data-id=\"332dedf5\" data-element_type=\"widget\" data-widget_type=\"heading.default\">\n\t\t\t\t<div class=\"elementor-widget-container\">\n\t\t\t\t\t<span class=\"elementor-heading-title elementor-size-default\">ACCUEIL - PRODUITS<\/span>\t\t\t\t<\/div>\n\t\t\t\t<\/div>\n\t\t\t\t\t<\/div>\n\t\t<\/div>\n\t\t\t\t<div class=\"elementor-column elementor-col-33 elementor-inner-column elementor-element elementor-element-aa9fa58\" data-id=\"aa9fa58\" data-element_type=\"column\">\n\t\t\t<div class=\"elementor-widget-wrap\">\n\t\t\t\t\t\t\t<\/div>\n\t\t<\/div>\n\t\t\t\t\t<\/div>\n\t\t<\/section>\n\t\t\t\t<div class=\"elementor-element elementor-element-4f3ab3df elementor-widget elementor-widget-heading\" data-id=\"4f3ab3df\" data-element_type=\"widget\" data-widget_type=\"heading.default\">\n\t\t\t\t<div class=\"elementor-widget-container\">\n\t\t\t\t\t<span class=\"elementor-heading-title elementor-size-default\">R\u00e9servoirs segment\u00e9s<\/span>\t\t\t\t<\/div>\n\t\t\t\t<\/div>\n\t\t\t\t\t<\/div>\n\t\t<\/div>\n\t\t\t\t\t<\/div>\n\t\t<\/section>\n\t\t\t\t<section class=\"elementor-section elementor-top-section elementor-element elementor-element-2f15e2f elementor-section-boxed elementor-section-height-default elementor-section-height-default\" data-id=\"2f15e2f\" data-element_type=\"section\">\n\t\t\t\t\t\t<div class=\"elementor-container elementor-column-gap-default\">\n\t\t\t\t\t<div class=\"elementor-column elementor-col-100 elementor-top-column elementor-element elementor-element-2ad08cfe\" data-id=\"2ad08cfe\" data-element_type=\"column\">\n\t\t\t<div class=\"elementor-widget-wrap elementor-element-populated\">\n\t\t\t\t\t\t<section class=\"elementor-section elementor-inner-section elementor-element elementor-element-4fa2e75d elementor-section-boxed elementor-section-height-default elementor-section-height-default\" data-id=\"4fa2e75d\" data-element_type=\"section\">\n\t\t\t\t\t\t<div class=\"elementor-container elementor-column-gap-no\">\n\t\t\t\t\t<div class=\"elementor-column elementor-col-100 elementor-inner-column elementor-element elementor-element-3bb18720\" data-id=\"3bb18720\" data-element_type=\"column\">\n\t\t\t<div class=\"elementor-widget-wrap elementor-element-populated\">\n\t\t\t\t\t\t<div class=\"elementor-element elementor-element-5c8167da elementor-widget elementor-widget-image\" data-id=\"5c8167da\" data-element_type=\"widget\" data-widget_type=\"image.default\">\n\t\t\t\t<div class=\"elementor-widget-container\">\n\t\t\t\t\t\t\t\t\t\t\t\t\t\t\t<img decoding=\"async\" src=\"https:\/\/roytecglobal.com\/wp-content\/uploads\/elementor\/thumbs\/products_stat5-qjpl5u6xpwvvylix3zak3yxlgxjwnzwvhff5jxwtc8.jpg\" title=\"produits_stat5\" alt=\"products_stat5\" loading=\"lazy\" \/>\t\t\t\t\t\t\t\t\t\t\t\t\t\t\t<\/div>\n\t\t\t\t<\/div>\n\t\t\t\t\t<\/div>\n\t\t<\/div>\n\t\t\t\t\t<\/div>\n\t\t<\/section>\n\t\t\t\t\t<\/div>\n\t\t<\/div>\n\t\t\t\t\t<\/div>\n\t\t<\/section>\n\t\t\t\t<section class=\"elementor-section elementor-top-section elementor-element elementor-element-223a194e elementor-section-boxed elementor-section-height-default elementor-section-height-default\" data-id=\"223a194e\" data-element_type=\"section\">\n\t\t\t\t\t\t<div class=\"elementor-container elementor-column-gap-default\">\n\t\t\t\t\t<div class=\"elementor-column elementor-col-50 elementor-top-column elementor-element elementor-element-d26085f\" data-id=\"d26085f\" data-element_type=\"column\">\n\t\t\t<div class=\"elementor-widget-wrap elementor-element-populated\">\n\t\t\t\t\t\t<section class=\"elementor-section elementor-inner-section elementor-element elementor-element-3172594 elementor-section-boxed elementor-section-height-default elementor-section-height-default\" data-id=\"3172594\" data-element_type=\"section\">\n\t\t\t\t\t\t<div class=\"elementor-container elementor-column-gap-default\">\n\t\t\t\t\t<div class=\"elementor-column elementor-col-100 elementor-inner-column elementor-element elementor-element-d430ae1\" data-id=\"d430ae1\" data-element_type=\"column\">\n\t\t\t<div class=\"elementor-widget-wrap elementor-element-populated\">\n\t\t\t\t\t\t\t<\/div>\n\t\t<\/div>\n\t\t\t\t\t<\/div>\n\t\t<\/section>\n\t\t\t\t<div class=\"elementor-element elementor-element-82ce35a elementor-align-center elementor-widget elementor-widget-button\" data-id=\"82ce35a\" data-element_type=\"widget\" data-widget_type=\"button.default\">\n\t\t\t\t<div class=\"elementor-widget-container\">\n\t\t\t\t\t\t\t\t\t<div class=\"elementor-button-wrapper\">\n\t\t\t\t\t<a class=\"elementor-button elementor-button-link elementor-size-sm\" href=\"https:\/\/roytecglobal.com\/wp-content\/uploads\/2023\/07\/Roytec-Company-Profile_July.pdf\" target=\"_blank\">\n\t\t\t\t\t\t<span class=\"elementor-button-content-wrapper\">\n\t\t\t\t\t\t\t\t\t<span class=\"elementor-button-text\">T\u00e9l\u00e9charger la brochure<\/span>\n\t\t\t\t\t<\/span>\n\t\t\t\t\t<\/a>\n\t\t\t\t<\/div>\n\t\t\t\t\t\t\t\t<\/div>\n\t\t\t\t<\/div>\n\t\t\t\t\t<\/div>\n\t\t<\/div>\n\t\t\t\t<div class=\"elementor-column elementor-col-50 elementor-top-column elementor-element elementor-element-4b21f415\" data-id=\"4b21f415\" data-element_type=\"column\">\n\t\t\t<div class=\"elementor-widget-wrap elementor-element-populated\">\n\t\t\t\t\t\t<div class=\"elementor-element elementor-element-38e2233b elementor-widget elementor-widget-heading\" data-id=\"38e2233b\" data-element_type=\"widget\" data-widget_type=\"heading.default\">\n\t\t\t\t<div class=\"elementor-widget-container\">\n\t\t\t\t\t<h2 class=\"elementor-heading-title elementor-size-default\">R\u00e9servoirs segment\u00e9s<\/h2>\t\t\t\t<\/div>\n\t\t\t\t<\/div>\n\t\t\t\t<div class=\"elementor-element elementor-element-6608bdab elementor-widget elementor-widget-heading\" data-id=\"6608bdab\" data-element_type=\"widget\" data-widget_type=\"heading.default\">\n\t\t\t\t<div class=\"elementor-widget-container\">\n\t\t\t\t\t<h2 class=\"elementor-heading-title elementor-size-default\">Le concept de r\u00e9servoir segment\u00e9 offre des avantages significatifs, en particulier pour les sites \u00e9loign\u00e9s.<\/h2>\t\t\t\t<\/div>\n\t\t\t\t<\/div>\n\t\t\t\t<div class=\"elementor-element elementor-element-526871c elementor-widget elementor-widget-heading\" data-id=\"526871c\" data-element_type=\"widget\" data-widget_type=\"heading.default\">\n\t\t\t\t<div class=\"elementor-widget-container\">\n\t\t\t\t\t<h2 class=\"elementor-heading-title elementor-size-default\">Technologie<\/h2>\t\t\t\t<\/div>\n\t\t\t\t<\/div>\n\t\t\t\t<section class=\"elementor-section elementor-inner-section elementor-element elementor-element-5cd84b7a elementor-section-boxed elementor-section-height-default elementor-section-height-default\" data-id=\"5cd84b7a\" data-element_type=\"section\">\n\t\t\t\t\t\t<div class=\"elementor-container elementor-column-gap-default\">\n\t\t\t\t\t<div class=\"elementor-column elementor-col-50 elementor-inner-column elementor-element elementor-element-54df0cf7\" data-id=\"54df0cf7\" data-element_type=\"column\">\n\t\t\t<div class=\"elementor-widget-wrap\">\n\t\t\t\t\t\t\t<\/div>\n\t\t<\/div>\n\t\t\t\t<div class=\"elementor-column elementor-col-50 elementor-inner-column elementor-element elementor-element-12d9ea12\" data-id=\"12d9ea12\" data-element_type=\"column\">\n\t\t\t<div class=\"elementor-widget-wrap elementor-element-populated\">\n\t\t\t\t\t\t<div class=\"elementor-element elementor-element-7773c4cb elementor-vertical-align-middle elementor-widget elementor-widget-image-box\" data-id=\"7773c4cb\" data-element_type=\"widget\" data-widget_type=\"image-box.default\">\n\t\t\t\t<div class=\"elementor-widget-container\">\n\t\t\t\t\t<div class=\"elementor-image-box-wrapper\"><div class=\"elementor-image-box-content\"><h3 class=\"elementor-image-box-title\">Notre technologie<\/h3><p class=\"elementor-image-box-description\">Il s'agit notamment de<br>\n<br>\n - un excellent rapport co\u00fbt-efficacit\u00e9<br>\n - livr\u00e9s en palettes pr\u00e9-emball\u00e9es de faible volume<br>\n - installation en un tiers du temps par rapport aux r\u00e9servoirs soud\u00e9s<br>\n<br>\nEn outre, les grues et les \u00e9chafaudages ne sont pas n\u00e9cessaires car les r\u00e9servoirs sont l\u00e9gers et peuvent \u00eatre soulev\u00e9s \u00e0 l'aide d'un chargeur t\u00e9lescopique.<\/p><\/div><\/div>\t\t\t\t<\/div>\n\t\t\t\t<\/div>\n\t\t\t\t\t<\/div>\n\t\t<\/div>\n\t\t\t\t\t<\/div>\n\t\t<\/section>\n\t\t\t\t<div class=\"elementor-element elementor-element-3f3130b2 elementor-widget-divider--view-line elementor-widget elementor-widget-divider\" data-id=\"3f3130b2\" data-element_type=\"widget\" data-widget_type=\"divider.default\">\n\t\t\t\t<div class=\"elementor-widget-container\">\n\t\t\t\t\t\t\t<div class=\"elementor-divider\">\n\t\t\t<span class=\"elementor-divider-separator\">\n\t\t\t\t\t\t<\/span>\n\t\t<\/div>\n\t\t\t\t\t\t<\/div>\n\t\t\t\t<\/div>\n\t\t\t\t\t<\/div>\n\t\t<\/div>\n\t\t\t\t\t<\/div>\n\t\t<\/section>\n\t\t\t\t<\/div>","protected":false},"excerpt":{"rendered":"<p>HOME &#8211; PRODUCTS Segmented Tanks Download the Brochure Segmented Tanks The segmented tank concept offers significant benefits, particularly for remote sites. Technology Our technology This includes: &#8211; extreme cost effectiveness &#8211; delivered in low volume pre-packed pallets &#8211; installation in a third of the time compared to welded tanks In addition cranage and scaffolding are [&hellip;]<\/p>","protected":false},"author":1,"featured_media":0,"parent":473,"menu_order":0,"comment_status":"closed","ping_status":"closed","template":"","meta":{"footnotes":""},"class_list":["post-1200","page","type-page","status-publish","hentry"],"yoast_head":"<!-- This site is optimized with the Yoast SEO plugin v26.8 - https:\/\/yoast.com\/product\/yoast-seo-wordpress\/ -->\n<title>Products | Segmented Tanks Technology | Roytec Global<\/title>\n<meta name=\"description\" content=\"Roytec&#039;s segmented tank technology concept offers significant benefits, including cost-effectiveness, delivered in low-volume pre-packed pallets. Contact now!\" \/>\n<meta name=\"robots\" content=\"index, follow, max-snippet:-1, max-image-preview:large, max-video-preview:-1\" \/>\n<link rel=\"canonical\" href=\"https:\/\/roytecglobal.com\/le-francais\/products\/products-segmented-tanks\/\" \/>\n<meta property=\"og:locale\" content=\"fr_CA\" \/>\n<meta property=\"og:type\" content=\"article\" \/>\n<meta property=\"og:title\" content=\"Products | Segmented Tanks Technology | Roytec Global\" \/>\n<meta property=\"og:description\" content=\"Roytec&#039;s segmented tank technology concept offers significant benefits, including cost-effectiveness, delivered in low-volume pre-packed pallets. Contact now!\" \/>\n<meta property=\"og:url\" content=\"https:\/\/roytecglobal.com\/le-francais\/products\/products-segmented-tanks\/\" \/>\n<meta property=\"og:site_name\" content=\"Roytec Global\" \/>\n<meta property=\"article:publisher\" content=\"https:\/\/www.facebook.com\/RoytecGlobal\/\" \/>\n<meta property=\"article:modified_time\" content=\"2024-03-14T05:12:52+00:00\" \/>\n<meta property=\"og:image\" content=\"https:\/\/roytecglobal.com\/wp-content\/uploads\/elementor\/thumbs\/products_stat5-qjpl5u6xpwvvylix3zak3yxlgxjwnzwvhff5jxwtc8.jpg\" \/>\n<meta name=\"twitter:card\" content=\"summary_large_image\" \/>\n<meta name=\"twitter:label1\" content=\"Estimation du temps de lecture\" \/>\n\t<meta name=\"twitter:data1\" content=\"1 minute\" \/>\n<script type=\"application\/ld+json\" class=\"yoast-schema-graph\">{\"@context\":\"https:\/\/schema.org\",\"@graph\":[{\"@type\":\"Article\",\"@id\":\"https:\/\/roytecglobal.com\/products\/products-segmented-tanks\/#article\",\"isPartOf\":{\"@id\":\"https:\/\/roytecglobal.com\/products\/products-segmented-tanks\/\"},\"author\":{\"name\":\"Renato\",\"@id\":\"https:\/\/roytecglobal.com\/#\/schema\/person\/47ef83615af340c9a897a0480df7c278\"},\"headline\":\"Products &#8211; Segmented Tanks\",\"datePublished\":\"2023-02-09T10:54:30+00:00\",\"dateModified\":\"2024-03-14T05:12:52+00:00\",\"mainEntityOfPage\":{\"@id\":\"https:\/\/roytecglobal.com\/products\/products-segmented-tanks\/\"},\"wordCount\":75,\"publisher\":{\"@id\":\"https:\/\/roytecglobal.com\/#organization\"},\"image\":{\"@id\":\"https:\/\/roytecglobal.com\/products\/products-segmented-tanks\/#primaryimage\"},\"thumbnailUrl\":\"https:\/\/roytecglobal.com\/wp-content\/uploads\/elementor\/thumbs\/products_stat5-qjpl5u6xpwvvylix3zak3yxlgxjwnzwvhff5jxwtc8.jpg\",\"inLanguage\":\"fr-CA\"},{\"@type\":\"WebPage\",\"@id\":\"https:\/\/roytecglobal.com\/products\/products-segmented-tanks\/\",\"url\":\"https:\/\/roytecglobal.com\/products\/products-segmented-tanks\/\",\"name\":\"Products | Segmented Tanks Technology | Roytec Global\",\"isPartOf\":{\"@id\":\"https:\/\/roytecglobal.com\/#website\"},\"primaryImageOfPage\":{\"@id\":\"https:\/\/roytecglobal.com\/products\/products-segmented-tanks\/#primaryimage\"},\"image\":{\"@id\":\"https:\/\/roytecglobal.com\/products\/products-segmented-tanks\/#primaryimage\"},\"thumbnailUrl\":\"https:\/\/roytecglobal.com\/wp-content\/uploads\/elementor\/thumbs\/products_stat5-qjpl5u6xpwvvylix3zak3yxlgxjwnzwvhff5jxwtc8.jpg\",\"datePublished\":\"2023-02-09T10:54:30+00:00\",\"dateModified\":\"2024-03-14T05:12:52+00:00\",\"description\":\"Roytec's segmented tank technology concept offers significant benefits, including cost-effectiveness, delivered in low-volume pre-packed pallets. Contact now!\",\"breadcrumb\":{\"@id\":\"https:\/\/roytecglobal.com\/products\/products-segmented-tanks\/#breadcrumb\"},\"inLanguage\":\"fr-CA\",\"potentialAction\":[{\"@type\":\"ReadAction\",\"target\":[\"https:\/\/roytecglobal.com\/products\/products-segmented-tanks\/\"]}]},{\"@type\":\"ImageObject\",\"inLanguage\":\"fr-CA\",\"@id\":\"https:\/\/roytecglobal.com\/products\/products-segmented-tanks\/#primaryimage\",\"url\":\"https:\/\/roytecglobal.com\/wp-content\/uploads\/elementor\/thumbs\/products_stat5-qjpl5u6xpwvvylix3zak3yxlgxjwnzwvhff5jxwtc8.jpg\",\"contentUrl\":\"https:\/\/roytecglobal.com\/wp-content\/uploads\/elementor\/thumbs\/products_stat5-qjpl5u6xpwvvylix3zak3yxlgxjwnzwvhff5jxwtc8.jpg\"},{\"@type\":\"BreadcrumbList\",\"@id\":\"https:\/\/roytecglobal.com\/products\/products-segmented-tanks\/#breadcrumb\",\"itemListElement\":[{\"@type\":\"ListItem\",\"position\":1,\"name\":\"Home\",\"item\":\"https:\/\/roytecglobal.com\/\"},{\"@type\":\"ListItem\",\"position\":2,\"name\":\"Our Products\",\"item\":\"https:\/\/roytecglobal.com\/products\/\"},{\"@type\":\"ListItem\",\"position\":3,\"name\":\"Products &#8211; Segmented Tanks\"}]},{\"@type\":\"WebSite\",\"@id\":\"https:\/\/roytecglobal.com\/#website\",\"url\":\"https:\/\/roytecglobal.com\/\",\"name\":\"Roytec Global\",\"description\":\"EXCELLENCE IN SEPARATION TECHNOLOGIES\",\"publisher\":{\"@id\":\"https:\/\/roytecglobal.com\/#organization\"},\"potentialAction\":[{\"@type\":\"SearchAction\",\"target\":{\"@type\":\"EntryPoint\",\"urlTemplate\":\"https:\/\/roytecglobal.com\/?s={search_term_string}\"},\"query-input\":{\"@type\":\"PropertyValueSpecification\",\"valueRequired\":true,\"valueName\":\"search_term_string\"}}],\"inLanguage\":\"fr-CA\"},{\"@type\":\"Organization\",\"@id\":\"https:\/\/roytecglobal.com\/#organization\",\"name\":\"Roytec Global\",\"url\":\"https:\/\/roytecglobal.com\/\",\"logo\":{\"@type\":\"ImageObject\",\"inLanguage\":\"fr-CA\",\"@id\":\"https:\/\/roytecglobal.com\/#\/schema\/logo\/image\/\",\"url\":\"https:\/\/roytecglobal.com\/wp-content\/uploads\/2023\/01\/New-Roytec-Global-Logo_fnl-01-scaled.jpg\",\"contentUrl\":\"https:\/\/roytecglobal.com\/wp-content\/uploads\/2023\/01\/New-Roytec-Global-Logo_fnl-01-scaled.jpg\",\"width\":2560,\"height\":666,\"caption\":\"Roytec Global\"},\"image\":{\"@id\":\"https:\/\/roytecglobal.com\/#\/schema\/logo\/image\/\"},\"sameAs\":[\"https:\/\/www.facebook.com\/RoytecGlobal\/\",\"https:\/\/www.linkedin.com\/company\/roytec-global-pty-ltd\/about\/\"]},{\"@type\":\"Person\",\"@id\":\"https:\/\/roytecglobal.com\/#\/schema\/person\/47ef83615af340c9a897a0480df7c278\",\"name\":\"Renato\",\"image\":{\"@type\":\"ImageObject\",\"inLanguage\":\"fr-CA\",\"@id\":\"https:\/\/roytecglobal.com\/#\/schema\/person\/image\/\",\"url\":\"https:\/\/secure.gravatar.com\/avatar\/2af9d47ad9cc84fb35edc218bf4a6f55f6c0ade2c86ad0ea1006854dbe93cdd9?s=96&d=mm&r=g\",\"contentUrl\":\"https:\/\/secure.gravatar.com\/avatar\/2af9d47ad9cc84fb35edc218bf4a6f55f6c0ade2c86ad0ea1006854dbe93cdd9?s=96&d=mm&r=g\",\"caption\":\"Renato\"},\"sameAs\":[\"https:\/\/doublebarril.com\"]}]}<\/script>\n<!-- \/ Yoast SEO plugin. -->","yoast_head_json":{"title":"Products | Segmented Tanks Technology | Roytec Global","description":"Roytec's segmented tank technology concept offers significant benefits, including cost-effectiveness, delivered in low-volume pre-packed pallets. Contact now!","robots":{"index":"index","follow":"follow","max-snippet":"max-snippet:-1","max-image-preview":"max-image-preview:large","max-video-preview":"max-video-preview:-1"},"canonical":"https:\/\/roytecglobal.com\/le-francais\/products\/products-segmented-tanks\/","og_locale":"fr_CA","og_type":"article","og_title":"Products | Segmented Tanks Technology | Roytec Global","og_description":"Roytec's segmented tank technology concept offers significant benefits, including cost-effectiveness, delivered in low-volume pre-packed pallets. Contact now!","og_url":"https:\/\/roytecglobal.com\/le-francais\/products\/products-segmented-tanks\/","og_site_name":"Roytec Global","article_publisher":"https:\/\/www.facebook.com\/RoytecGlobal\/","article_modified_time":"2024-03-14T05:12:52+00:00","og_image":[{"url":"https:\/\/roytecglobal.com\/wp-content\/uploads\/elementor\/thumbs\/products_stat5-qjpl5u6xpwvvylix3zak3yxlgxjwnzwvhff5jxwtc8.jpg","type":"","width":"","height":""}],"twitter_card":"summary_large_image","twitter_misc":{"Estimation du temps de lecture":"1 minute"},"schema":{"@context":"https:\/\/schema.org","@graph":[{"@type":"Article","@id":"https:\/\/roytecglobal.com\/products\/products-segmented-tanks\/#article","isPartOf":{"@id":"https:\/\/roytecglobal.com\/products\/products-segmented-tanks\/"},"author":{"name":"Renato","@id":"https:\/\/roytecglobal.com\/#\/schema\/person\/47ef83615af340c9a897a0480df7c278"},"headline":"Products &#8211; Segmented Tanks","datePublished":"2023-02-09T10:54:30+00:00","dateModified":"2024-03-14T05:12:52+00:00","mainEntityOfPage":{"@id":"https:\/\/roytecglobal.com\/products\/products-segmented-tanks\/"},"wordCount":75,"publisher":{"@id":"https:\/\/roytecglobal.com\/#organization"},"image":{"@id":"https:\/\/roytecglobal.com\/products\/products-segmented-tanks\/#primaryimage"},"thumbnailUrl":"https:\/\/roytecglobal.com\/wp-content\/uploads\/elementor\/thumbs\/products_stat5-qjpl5u6xpwvvylix3zak3yxlgxjwnzwvhff5jxwtc8.jpg","inLanguage":"fr-CA"},{"@type":"WebPage","@id":"https:\/\/roytecglobal.com\/products\/products-segmented-tanks\/","url":"https:\/\/roytecglobal.com\/products\/products-segmented-tanks\/","name":"Products | Segmented Tanks Technology | Roytec Global","isPartOf":{"@id":"https:\/\/roytecglobal.com\/#website"},"primaryImageOfPage":{"@id":"https:\/\/roytecglobal.com\/products\/products-segmented-tanks\/#primaryimage"},"image":{"@id":"https:\/\/roytecglobal.com\/products\/products-segmented-tanks\/#primaryimage"},"thumbnailUrl":"https:\/\/roytecglobal.com\/wp-content\/uploads\/elementor\/thumbs\/products_stat5-qjpl5u6xpwvvylix3zak3yxlgxjwnzwvhff5jxwtc8.jpg","datePublished":"2023-02-09T10:54:30+00:00","dateModified":"2024-03-14T05:12:52+00:00","description":"Roytec's segmented tank technology concept offers significant benefits, including cost-effectiveness, delivered in low-volume pre-packed pallets. Contact now!","breadcrumb":{"@id":"https:\/\/roytecglobal.com\/products\/products-segmented-tanks\/#breadcrumb"},"inLanguage":"fr-CA","potentialAction":[{"@type":"ReadAction","target":["https:\/\/roytecglobal.com\/products\/products-segmented-tanks\/"]}]},{"@type":"ImageObject","inLanguage":"fr-CA","@id":"https:\/\/roytecglobal.com\/products\/products-segmented-tanks\/#primaryimage","url":"https:\/\/roytecglobal.com\/wp-content\/uploads\/elementor\/thumbs\/products_stat5-qjpl5u6xpwvvylix3zak3yxlgxjwnzwvhff5jxwtc8.jpg","contentUrl":"https:\/\/roytecglobal.com\/wp-content\/uploads\/elementor\/thumbs\/products_stat5-qjpl5u6xpwvvylix3zak3yxlgxjwnzwvhff5jxwtc8.jpg"},{"@type":"BreadcrumbList","@id":"https:\/\/roytecglobal.com\/products\/products-segmented-tanks\/#breadcrumb","itemListElement":[{"@type":"ListItem","position":1,"name":"Home","item":"https:\/\/roytecglobal.com\/"},{"@type":"ListItem","position":2,"name":"Our Products","item":"https:\/\/roytecglobal.com\/products\/"},{"@type":"ListItem","position":3,"name":"Products &#8211; Segmented Tanks"}]},{"@type":"WebSite","@id":"https:\/\/roytecglobal.com\/#website","url":"https:\/\/roytecglobal.com\/","name":"Roytec Global","description":"L'EXCELLENCE DANS LES TECHNOLOGIES DE S\u00c9PARATION","publisher":{"@id":"https:\/\/roytecglobal.com\/#organization"},"potentialAction":[{"@type":"SearchAction","target":{"@type":"EntryPoint","urlTemplate":"https:\/\/roytecglobal.com\/?s={search_term_string}"},"query-input":{"@type":"PropertyValueSpecification","valueRequired":true,"valueName":"search_term_string"}}],"inLanguage":"fr-CA"},{"@type":"Organization","@id":"https:\/\/roytecglobal.com\/#organization","name":"Roytec Global","url":"https:\/\/roytecglobal.com\/","logo":{"@type":"ImageObject","inLanguage":"fr-CA","@id":"https:\/\/roytecglobal.com\/#\/schema\/logo\/image\/","url":"https:\/\/roytecglobal.com\/wp-content\/uploads\/2023\/01\/New-Roytec-Global-Logo_fnl-01-scaled.jpg","contentUrl":"https:\/\/roytecglobal.com\/wp-content\/uploads\/2023\/01\/New-Roytec-Global-Logo_fnl-01-scaled.jpg","width":2560,"height":666,"caption":"Roytec Global"},"image":{"@id":"https:\/\/roytecglobal.com\/#\/schema\/logo\/image\/"},"sameAs":["https:\/\/www.facebook.com\/RoytecGlobal\/","https:\/\/www.linkedin.com\/company\/roytec-global-pty-ltd\/about\/"]},{"@type":"Person","@id":"https:\/\/roytecglobal.com\/#\/schema\/person\/47ef83615af340c9a897a0480df7c278","name":"Renato","image":{"@type":"ImageObject","inLanguage":"fr-CA","@id":"https:\/\/roytecglobal.com\/#\/schema\/person\/image\/","url":"https:\/\/secure.gravatar.com\/avatar\/2af9d47ad9cc84fb35edc218bf4a6f55f6c0ade2c86ad0ea1006854dbe93cdd9?s=96&d=mm&r=g","contentUrl":"https:\/\/secure.gravatar.com\/avatar\/2af9d47ad9cc84fb35edc218bf4a6f55f6c0ade2c86ad0ea1006854dbe93cdd9?s=96&d=mm&r=g","caption":"Renato"},"sameAs":["https:\/\/doublebarril.com"]}]}},"_links":{"self":[{"href":"https:\/\/roytecglobal.com\/le-francais\/wp-json\/wp\/v2\/pages\/1200","targetHints":{"allow":["GET"]}}],"collection":[{"href":"https:\/\/roytecglobal.com\/le-francais\/wp-json\/wp\/v2\/pages"}],"about":[{"href":"https:\/\/roytecglobal.com\/le-francais\/wp-json\/wp\/v2\/types\/page"}],"author":[{"embeddable":true,"href":"https:\/\/roytecglobal.com\/le-francais\/wp-json\/wp\/v2\/users\/1"}],"replies":[{"embeddable":true,"href":"https:\/\/roytecglobal.com\/le-francais\/wp-json\/wp\/v2\/comments?post=1200"}],"version-history":[{"count":21,"href":"https:\/\/roytecglobal.com\/le-francais\/wp-json\/wp\/v2\/pages\/1200\/revisions"}],"predecessor-version":[{"id":2601,"href":"https:\/\/roytecglobal.com\/le-francais\/wp-json\/wp\/v2\/pages\/1200\/revisions\/2601"}],"up":[{"embeddable":true,"href":"https:\/\/roytecglobal.com\/le-francais\/wp-json\/wp\/v2\/pages\/473"}],"wp:attachment":[{"href":"https:\/\/roytecglobal.com\/le-francais\/wp-json\/wp\/v2\/media?parent=1200"}],"curies":[{"name":"wp","href":"https:\/\/api.w.org\/{rel}","templated":true}]}}