{"id":423,"date":"2023-01-30T11:28:51","date_gmt":"2023-01-30T09:28:51","guid":{"rendered":"https:\/\/roytecglobal.com\/?page_id=423"},"modified":"2025-06-04T13:41:33","modified_gmt":"2025-06-04T11:41:33","slug":"bbbee","status":"publish","type":"page","link":"https:\/\/roytecglobal.com\/le-francais\/bbbee\/","title":{"rendered":"BBBEE"},"content":{"rendered":"<div data-elementor-type=\"wp-page\" data-elementor-id=\"423\" class=\"elementor elementor-423\" data-elementor-post-type=\"page\">\n\t\t\t\t\t\t<section class=\"elementor-section elementor-top-section elementor-element elementor-element-0f5c7af elementor-section-boxed elementor-section-height-default elementor-section-height-default\" data-id=\"0f5c7af\" data-element_type=\"section\">\n\t\t\t\t\t\t<div class=\"elementor-container elementor-column-gap-default\">\n\t\t\t\t\t<div class=\"elementor-column elementor-col-100 elementor-top-column elementor-element elementor-element-a38a7a2\" data-id=\"a38a7a2\" data-element_type=\"column\">\n\t\t\t<div class=\"elementor-widget-wrap elementor-element-populated\">\n\t\t\t\t\t\t<div class=\"elementor-element elementor-element-fdfb60b elementor-widget elementor-widget-spacer\" data-id=\"fdfb60b\" data-element_type=\"widget\" data-widget_type=\"spacer.default\">\n\t\t\t\t<div class=\"elementor-widget-container\">\n\t\t\t\t\t\t\t<div class=\"elementor-spacer\">\n\t\t\t<div class=\"elementor-spacer-inner\"><\/div>\n\t\t<\/div>\n\t\t\t\t\t\t<\/div>\n\t\t\t\t<\/div>\n\t\t\t\t\t<\/div>\n\t\t<\/div>\n\t\t\t\t\t<\/div>\n\t\t<\/section>\n\t\t\t\t<section class=\"elementor-section elementor-top-section elementor-element elementor-element-540da29 elementor-section-boxed elementor-section-height-default elementor-section-height-default\" data-id=\"540da29\" data-element_type=\"section\">\n\t\t\t\t\t\t<div class=\"elementor-container elementor-column-gap-default\">\n\t\t\t\t\t<div class=\"elementor-column elementor-col-100 elementor-top-column elementor-element elementor-element-1872f9d\" data-id=\"1872f9d\" data-element_type=\"column\">\n\t\t\t<div class=\"elementor-widget-wrap elementor-element-populated\">\n\t\t\t\t\t\t<div class=\"elementor-element elementor-element-9f78085 elementor-widget elementor-widget-heading\" data-id=\"9f78085\" data-element_type=\"widget\" data-widget_type=\"heading.default\">\n\t\t\t\t<div class=\"elementor-widget-container\">\n\t\t\t\t\t<h1 class=\"elementor-heading-title elementor-size-default\">Strat\u00e9gie BBBEE de Roytec Global<\/h1>\t\t\t\t<\/div>\n\t\t\t\t<\/div>\n\t\t\t\t\t<\/div>\n\t\t<\/div>\n\t\t\t\t\t<\/div>\n\t\t<\/section>\n\t\t\t\t<section class=\"elementor-section elementor-top-section elementor-element elementor-element-68c17e6 elementor-section-boxed elementor-section-height-default elementor-section-height-default\" data-id=\"68c17e6\" data-element_type=\"section\">\n\t\t\t\t\t\t<div class=\"elementor-container elementor-column-gap-default\">\n\t\t\t\t\t<div class=\"elementor-column elementor-col-100 elementor-top-column elementor-element elementor-element-e57d8a7\" data-id=\"e57d8a7\" data-element_type=\"column\">\n\t\t\t<div class=\"elementor-widget-wrap elementor-element-populated\">\n\t\t\t\t\t\t<div class=\"elementor-element elementor-element-8511d29 elementor-widget elementor-widget-spacer\" data-id=\"8511d29\" data-element_type=\"widget\" data-widget_type=\"spacer.default\">\n\t\t\t\t<div class=\"elementor-widget-container\">\n\t\t\t\t\t\t\t<div class=\"elementor-spacer\">\n\t\t\t<div class=\"elementor-spacer-inner\"><\/div>\n\t\t<\/div>\n\t\t\t\t\t\t<\/div>\n\t\t\t\t<\/div>\n\t\t\t\t\t<\/div>\n\t\t<\/div>\n\t\t\t\t\t<\/div>\n\t\t<\/section>\n\t\t\t\t<section class=\"elementor-section elementor-top-section elementor-element elementor-element-c65e00b elementor-section-boxed elementor-section-height-default elementor-section-height-default\" data-id=\"c65e00b\" data-element_type=\"section\">\n\t\t\t\t\t\t<div class=\"elementor-container elementor-column-gap-default\">\n\t\t\t\t\t<div class=\"elementor-column elementor-col-100 elementor-top-column elementor-element elementor-element-840c5e7\" data-id=\"840c5e7\" data-element_type=\"column\">\n\t\t\t<div class=\"elementor-widget-wrap elementor-element-populated\">\n\t\t\t\t\t\t<div class=\"elementor-element elementor-element-1e22b05 elementor-widget elementor-widget-text-editor\" data-id=\"1e22b05\" data-element_type=\"widget\" data-widget_type=\"text-editor.default\">\n\t\t\t\t<div class=\"elementor-widget-container\">\n\t\t\t\t\t\t\t\t\t<div class=\"gdlr-title-item\"><div class=\"gdlr-item-title-wrapper gdlr-item pos-center\"><div class=\"gdlr-item-title-head\"><div class=\"clear\">Roytec Global est conscient de sa responsabilit\u00e9, en tant qu'entreprise citoyenne, \u00e0 l'\u00e9gard de la communaut\u00e9 locale, de l'environnement naturel dans lequel se d\u00e9roulent nos activit\u00e9s et du principe d'\u00dabuntu\/Emuthu\".<\/div><\/div><\/div><\/div><div class=\"gdlr-item gdlr-content-item\"><p>Roytec, en tant qu'entreprise mondiale, a pris la d\u00e9cision, pour des raisons de gouvernance et d'\u00e9conomie, d'am\u00e9liorer les comp\u00e9tences de sa filiale locale, Setchem, plut\u00f4t que de transformer l'ensemble du groupe Roytec, ce qui serait irr\u00e9alisable, afin d'atteindre ses objectifs strat\u00e9giques BBBEE.<\/p><p>Setchem, avec une conformit\u00e9 BBBEE de niveau 2, est en train de devenir une entreprise capable de concevoir, de fabriquer et de construire des \u00e9quipements et des installations dans la mesure n\u00e9cessaire \u00e0 la r\u00e9alisation de notre strat\u00e9gie BBBEE. Les comp\u00e9tences requises sont transf\u00e9r\u00e9es pour d\u00e9velopper une entreprise capable de fournir et de construire des \u00e9quipements et des usines en plus de son activit\u00e9 principale de fourniture de floculants et de coagulants aux clients des secteurs de l'exploitation mini\u00e8re et du traitement des min\u00e9raux.<\/p><p>Cette transformation implique le d\u00e9veloppement d'une \u00e9quipe d'ing\u00e9nieurs chimistes et de m\u00e9tallurgistes afin de d\u00e9velopper des comp\u00e9tences de base dans le domaine des \u00e9quipements de s\u00e9paration liquide-solide, y compris les travaux de laboratoire et les essais pilotes, la R&amp;D, la s\u00e9lection des \u00e9quipements, le dimensionnement, les sp\u00e9cifications et la conception des processus pour les applications d'\u00e9paississement, de clarification et de filtration.<\/p><p>Roytec Global travaillera en \u00e9troite collaboration avec Setchem conform\u00e9ment \u00e0 la politique de prix de transfert qui r\u00e9git la fixation des prix des services et des biens \u00e9chang\u00e9s entre les soci\u00e9t\u00e9s du groupe Roytec.<\/p><\/div>\t\t\t\t\t\t\t\t<\/div>\n\t\t\t\t<\/div>\n\t\t\t\t\t<\/div>\n\t\t<\/div>\n\t\t\t\t\t<\/div>\n\t\t<\/section>\n\t\t\t\t<section class=\"elementor-section elementor-top-section elementor-element elementor-element-df7d20c elementor-section-boxed elementor-section-height-default elementor-section-height-default\" data-id=\"df7d20c\" data-element_type=\"section\">\n\t\t\t\t\t\t<div class=\"elementor-container elementor-column-gap-default\">\n\t\t\t\t\t<div class=\"elementor-column elementor-col-100 elementor-top-column elementor-element elementor-element-76e4139\" data-id=\"76e4139\" data-element_type=\"column\">\n\t\t\t<div class=\"elementor-widget-wrap elementor-element-populated\">\n\t\t\t\t\t\t<div class=\"elementor-element elementor-element-287127e elementor-widget elementor-widget-spacer\" data-id=\"287127e\" data-element_type=\"widget\" data-widget_type=\"spacer.default\">\n\t\t\t\t<div class=\"elementor-widget-container\">\n\t\t\t\t\t\t\t<div class=\"elementor-spacer\">\n\t\t\t<div class=\"elementor-spacer-inner\"><\/div>\n\t\t<\/div>\n\t\t\t\t\t\t<\/div>\n\t\t\t\t<\/div>\n\t\t\t\t\t<\/div>\n\t\t<\/div>\n\t\t\t\t\t<\/div>\n\t\t<\/section>\n\t\t\t\t<section class=\"elementor-section elementor-top-section elementor-element elementor-element-2a2acdc elementor-section-boxed elementor-section-height-default elementor-section-height-default\" data-id=\"2a2acdc\" data-element_type=\"section\">\n\t\t\t\t\t\t<div class=\"elementor-container elementor-column-gap-default\">\n\t\t\t\t\t<div class=\"elementor-column elementor-col-100 elementor-top-column elementor-element elementor-element-026b10d\" data-id=\"026b10d\" data-element_type=\"column\">\n\t\t\t<div class=\"elementor-widget-wrap elementor-element-populated\">\n\t\t\t\t\t\t<div class=\"elementor-element elementor-element-36a7573 elementor-widget elementor-widget-button\" data-id=\"36a7573\" data-element_type=\"widget\" data-widget_type=\"button.default\">\n\t\t\t\t<div class=\"elementor-widget-container\">\n\t\t\t\t\t\t\t\t\t<div class=\"elementor-button-wrapper\">\n\t\t\t\t\t<a class=\"elementor-button elementor-button-link elementor-size-sm\" href=\"https:\/\/www.setchem.co.za\/BBBEE.html?\">\n\t\t\t\t\t\t<span class=\"elementor-button-content-wrapper\">\n\t\t\t\t\t\t\t\t\t<span class=\"elementor-button-text\">Aller \u00e0 Setchem<\/span>\n\t\t\t\t\t<\/span>\n\t\t\t\t\t<\/a>\n\t\t\t\t<\/div>\n\t\t\t\t\t\t\t\t<\/div>\n\t\t\t\t<\/div>\n\t\t\t\t\t<\/div>\n\t\t<\/div>\n\t\t\t\t\t<\/div>\n\t\t<\/section>\n\t\t\t\t<\/div>","protected":false},"excerpt":{"rendered":"<p>Roytec Global BBBEE Strategy Roytec Global understands its responsibility, as a corporate citizen, towards the local community, the natural environment in which our activities take place and the principle of \u00dabuntu\/Botho\u201d. Roytec as a global business for governance and economic reasons has taken the decision to upskill our local subsidiary, Setchem, as opposed to the [&hellip;]<\/p>","protected":false},"author":1,"featured_media":0,"parent":0,"menu_order":0,"comment_status":"closed","ping_status":"closed","template":"","meta":{"footnotes":""},"class_list":["post-423","page","type-page","status-publish","hentry"],"yoast_head":"<!-- This site is optimized with the Yoast SEO plugin v26.8 - https:\/\/yoast.com\/product\/yoast-seo-wordpress\/ -->\n<title>Empowering Community | Roytec Global BBBEE Strategy<\/title>\n<meta name=\"description\" content=\"Roytec opts to enhance local subsidiary Setchem for BBBEE strategic goals instead of transforming the entire group for governance and economic reasons. Read more!\" \/>\n<meta name=\"robots\" content=\"index, follow, max-snippet:-1, max-image-preview:large, max-video-preview:-1\" \/>\n<link rel=\"canonical\" href=\"https:\/\/roytecglobal.com\/le-francais\/bbbee\/\" \/>\n<meta property=\"og:locale\" content=\"fr_CA\" \/>\n<meta property=\"og:type\" content=\"article\" \/>\n<meta property=\"og:title\" content=\"Empowering Community | Roytec Global BBBEE Strategy\" \/>\n<meta property=\"og:description\" content=\"Roytec opts to enhance local subsidiary Setchem for BBBEE strategic goals instead of transforming the entire group for governance and economic reasons. Read more!\" \/>\n<meta property=\"og:url\" content=\"https:\/\/roytecglobal.com\/le-francais\/bbbee\/\" \/>\n<meta property=\"og:site_name\" content=\"Roytec Global\" \/>\n<meta property=\"article:publisher\" content=\"https:\/\/www.facebook.com\/RoytecGlobal\/\" \/>\n<meta property=\"article:modified_time\" content=\"2025-06-04T11:41:33+00:00\" \/>\n<meta name=\"twitter:card\" content=\"summary_large_image\" \/>\n<meta name=\"twitter:label1\" content=\"Estimation du temps de lecture\" \/>\n\t<meta name=\"twitter:data1\" content=\"1 minute\" \/>\n<script type=\"application\/ld+json\" class=\"yoast-schema-graph\">{\"@context\":\"https:\/\/schema.org\",\"@graph\":[{\"@type\":\"Article\",\"@id\":\"https:\/\/roytecglobal.com\/bbbee\/#article\",\"isPartOf\":{\"@id\":\"https:\/\/roytecglobal.com\/bbbee\/\"},\"author\":{\"name\":\"Renato\",\"@id\":\"https:\/\/roytecglobal.com\/#\/schema\/person\/47ef83615af340c9a897a0480df7c278\"},\"headline\":\"BBBEE\",\"datePublished\":\"2023-01-30T09:28:51+00:00\",\"dateModified\":\"2025-06-04T11:41:33+00:00\",\"mainEntityOfPage\":{\"@id\":\"https:\/\/roytecglobal.com\/bbbee\/\"},\"wordCount\":216,\"publisher\":{\"@id\":\"https:\/\/roytecglobal.com\/#organization\"},\"inLanguage\":\"fr-CA\"},{\"@type\":\"WebPage\",\"@id\":\"https:\/\/roytecglobal.com\/bbbee\/\",\"url\":\"https:\/\/roytecglobal.com\/bbbee\/\",\"name\":\"Empowering Community | Roytec Global BBBEE Strategy\",\"isPartOf\":{\"@id\":\"https:\/\/roytecglobal.com\/#website\"},\"datePublished\":\"2023-01-30T09:28:51+00:00\",\"dateModified\":\"2025-06-04T11:41:33+00:00\",\"description\":\"Roytec opts to enhance local subsidiary Setchem for BBBEE strategic goals instead of transforming the entire group for governance and economic reasons. Read more!\",\"breadcrumb\":{\"@id\":\"https:\/\/roytecglobal.com\/bbbee\/#breadcrumb\"},\"inLanguage\":\"fr-CA\",\"potentialAction\":[{\"@type\":\"ReadAction\",\"target\":[\"https:\/\/roytecglobal.com\/bbbee\/\"]}]},{\"@type\":\"BreadcrumbList\",\"@id\":\"https:\/\/roytecglobal.com\/bbbee\/#breadcrumb\",\"itemListElement\":[{\"@type\":\"ListItem\",\"position\":1,\"name\":\"Home\",\"item\":\"https:\/\/roytecglobal.com\/\"},{\"@type\":\"ListItem\",\"position\":2,\"name\":\"BBBEE\"}]},{\"@type\":\"WebSite\",\"@id\":\"https:\/\/roytecglobal.com\/#website\",\"url\":\"https:\/\/roytecglobal.com\/\",\"name\":\"Roytec Global\",\"description\":\"EXCELLENCE IN SEPARATION TECHNOLOGIES\",\"publisher\":{\"@id\":\"https:\/\/roytecglobal.com\/#organization\"},\"potentialAction\":[{\"@type\":\"SearchAction\",\"target\":{\"@type\":\"EntryPoint\",\"urlTemplate\":\"https:\/\/roytecglobal.com\/?s={search_term_string}\"},\"query-input\":{\"@type\":\"PropertyValueSpecification\",\"valueRequired\":true,\"valueName\":\"search_term_string\"}}],\"inLanguage\":\"fr-CA\"},{\"@type\":\"Organization\",\"@id\":\"https:\/\/roytecglobal.com\/#organization\",\"name\":\"Roytec Global\",\"url\":\"https:\/\/roytecglobal.com\/\",\"logo\":{\"@type\":\"ImageObject\",\"inLanguage\":\"fr-CA\",\"@id\":\"https:\/\/roytecglobal.com\/#\/schema\/logo\/image\/\",\"url\":\"https:\/\/roytecglobal.com\/wp-content\/uploads\/2023\/01\/New-Roytec-Global-Logo_fnl-01-scaled.jpg\",\"contentUrl\":\"https:\/\/roytecglobal.com\/wp-content\/uploads\/2023\/01\/New-Roytec-Global-Logo_fnl-01-scaled.jpg\",\"width\":2560,\"height\":666,\"caption\":\"Roytec Global\"},\"image\":{\"@id\":\"https:\/\/roytecglobal.com\/#\/schema\/logo\/image\/\"},\"sameAs\":[\"https:\/\/www.facebook.com\/RoytecGlobal\/\",\"https:\/\/www.linkedin.com\/company\/roytec-global-pty-ltd\/about\/\"]},{\"@type\":\"Person\",\"@id\":\"https:\/\/roytecglobal.com\/#\/schema\/person\/47ef83615af340c9a897a0480df7c278\",\"name\":\"Renato\",\"image\":{\"@type\":\"ImageObject\",\"inLanguage\":\"fr-CA\",\"@id\":\"https:\/\/roytecglobal.com\/#\/schema\/person\/image\/\",\"url\":\"https:\/\/secure.gravatar.com\/avatar\/2af9d47ad9cc84fb35edc218bf4a6f55f6c0ade2c86ad0ea1006854dbe93cdd9?s=96&d=mm&r=g\",\"contentUrl\":\"https:\/\/secure.gravatar.com\/avatar\/2af9d47ad9cc84fb35edc218bf4a6f55f6c0ade2c86ad0ea1006854dbe93cdd9?s=96&d=mm&r=g\",\"caption\":\"Renato\"},\"sameAs\":[\"https:\/\/doublebarril.com\"]}]}<\/script>\n<!-- \/ Yoast SEO plugin. -->","yoast_head_json":{"title":"Empowering Community | Roytec Global BBBEE Strategy","description":"Roytec opts to enhance local subsidiary Setchem for BBBEE strategic goals instead of transforming the entire group for governance and economic reasons. Read more!","robots":{"index":"index","follow":"follow","max-snippet":"max-snippet:-1","max-image-preview":"max-image-preview:large","max-video-preview":"max-video-preview:-1"},"canonical":"https:\/\/roytecglobal.com\/le-francais\/bbbee\/","og_locale":"fr_CA","og_type":"article","og_title":"Empowering Community | Roytec Global BBBEE Strategy","og_description":"Roytec opts to enhance local subsidiary Setchem for BBBEE strategic goals instead of transforming the entire group for governance and economic reasons. Read more!","og_url":"https:\/\/roytecglobal.com\/le-francais\/bbbee\/","og_site_name":"Roytec Global","article_publisher":"https:\/\/www.facebook.com\/RoytecGlobal\/","article_modified_time":"2025-06-04T11:41:33+00:00","twitter_card":"summary_large_image","twitter_misc":{"Estimation du temps de lecture":"1 minute"},"schema":{"@context":"https:\/\/schema.org","@graph":[{"@type":"Article","@id":"https:\/\/roytecglobal.com\/bbbee\/#article","isPartOf":{"@id":"https:\/\/roytecglobal.com\/bbbee\/"},"author":{"name":"Renato","@id":"https:\/\/roytecglobal.com\/#\/schema\/person\/47ef83615af340c9a897a0480df7c278"},"headline":"BBBEE","datePublished":"2023-01-30T09:28:51+00:00","dateModified":"2025-06-04T11:41:33+00:00","mainEntityOfPage":{"@id":"https:\/\/roytecglobal.com\/bbbee\/"},"wordCount":216,"publisher":{"@id":"https:\/\/roytecglobal.com\/#organization"},"inLanguage":"fr-CA"},{"@type":"WebPage","@id":"https:\/\/roytecglobal.com\/bbbee\/","url":"https:\/\/roytecglobal.com\/bbbee\/","name":"Empowering Community | Roytec Global BBBEE Strategy","isPartOf":{"@id":"https:\/\/roytecglobal.com\/#website"},"datePublished":"2023-01-30T09:28:51+00:00","dateModified":"2025-06-04T11:41:33+00:00","description":"Roytec opts to enhance local subsidiary Setchem for BBBEE strategic goals instead of transforming the entire group for governance and economic reasons. Read more!","breadcrumb":{"@id":"https:\/\/roytecglobal.com\/bbbee\/#breadcrumb"},"inLanguage":"fr-CA","potentialAction":[{"@type":"ReadAction","target":["https:\/\/roytecglobal.com\/bbbee\/"]}]},{"@type":"BreadcrumbList","@id":"https:\/\/roytecglobal.com\/bbbee\/#breadcrumb","itemListElement":[{"@type":"ListItem","position":1,"name":"Home","item":"https:\/\/roytecglobal.com\/"},{"@type":"ListItem","position":2,"name":"BBBEE"}]},{"@type":"WebSite","@id":"https:\/\/roytecglobal.com\/#website","url":"https:\/\/roytecglobal.com\/","name":"Roytec Global","description":"L'EXCELLENCE DANS LES TECHNOLOGIES DE S\u00c9PARATION","publisher":{"@id":"https:\/\/roytecglobal.com\/#organization"},"potentialAction":[{"@type":"SearchAction","target":{"@type":"EntryPoint","urlTemplate":"https:\/\/roytecglobal.com\/?s={search_term_string}"},"query-input":{"@type":"PropertyValueSpecification","valueRequired":true,"valueName":"search_term_string"}}],"inLanguage":"fr-CA"},{"@type":"Organization","@id":"https:\/\/roytecglobal.com\/#organization","name":"Roytec Global","url":"https:\/\/roytecglobal.com\/","logo":{"@type":"ImageObject","inLanguage":"fr-CA","@id":"https:\/\/roytecglobal.com\/#\/schema\/logo\/image\/","url":"https:\/\/roytecglobal.com\/wp-content\/uploads\/2023\/01\/New-Roytec-Global-Logo_fnl-01-scaled.jpg","contentUrl":"https:\/\/roytecglobal.com\/wp-content\/uploads\/2023\/01\/New-Roytec-Global-Logo_fnl-01-scaled.jpg","width":2560,"height":666,"caption":"Roytec Global"},"image":{"@id":"https:\/\/roytecglobal.com\/#\/schema\/logo\/image\/"},"sameAs":["https:\/\/www.facebook.com\/RoytecGlobal\/","https:\/\/www.linkedin.com\/company\/roytec-global-pty-ltd\/about\/"]},{"@type":"Person","@id":"https:\/\/roytecglobal.com\/#\/schema\/person\/47ef83615af340c9a897a0480df7c278","name":"Renato","image":{"@type":"ImageObject","inLanguage":"fr-CA","@id":"https:\/\/roytecglobal.com\/#\/schema\/person\/image\/","url":"https:\/\/secure.gravatar.com\/avatar\/2af9d47ad9cc84fb35edc218bf4a6f55f6c0ade2c86ad0ea1006854dbe93cdd9?s=96&d=mm&r=g","contentUrl":"https:\/\/secure.gravatar.com\/avatar\/2af9d47ad9cc84fb35edc218bf4a6f55f6c0ade2c86ad0ea1006854dbe93cdd9?s=96&d=mm&r=g","caption":"Renato"},"sameAs":["https:\/\/doublebarril.com"]}]}},"_links":{"self":[{"href":"https:\/\/roytecglobal.com\/le-francais\/wp-json\/wp\/v2\/pages\/423","targetHints":{"allow":["GET"]}}],"collection":[{"href":"https:\/\/roytecglobal.com\/le-francais\/wp-json\/wp\/v2\/pages"}],"about":[{"href":"https:\/\/roytecglobal.com\/le-francais\/wp-json\/wp\/v2\/types\/page"}],"author":[{"embeddable":true,"href":"https:\/\/roytecglobal.com\/le-francais\/wp-json\/wp\/v2\/users\/1"}],"replies":[{"embeddable":true,"href":"https:\/\/roytecglobal.com\/le-francais\/wp-json\/wp\/v2\/comments?post=423"}],"version-history":[{"count":17,"href":"https:\/\/roytecglobal.com\/le-francais\/wp-json\/wp\/v2\/pages\/423\/revisions"}],"predecessor-version":[{"id":4624,"href":"https:\/\/roytecglobal.com\/le-francais\/wp-json\/wp\/v2\/pages\/423\/revisions\/4624"}],"wp:attachment":[{"href":"https:\/\/roytecglobal.com\/le-francais\/wp-json\/wp\/v2\/media?parent=423"}],"curies":[{"name":"wp","href":"https:\/\/api.w.org\/{rel}","templated":true}]}}